{"id":26436,"date":"2023-11-03T23:02:26","date_gmt":"2023-11-03T22:02:26","guid":{"rendered":"http:\/\/innocentiemangonipiante.it\/abies-alba\/"},"modified":"2023-11-06T13:45:00","modified_gmt":"2023-11-06T12:45:00","slug":"abies-alba","status":"publish","type":"product","link":"https:\/\/innocentiemangonipiante.it\/fr\/abies-alba\/","title":{"rendered":"ABIES alba"},"content":{"rendered":"<p>\u201cSapin commun\u201d. Port colonnaire, feuillage vert fonc\u00e9, argent\u00e9 audessous. Tr\u00e8s indiqu\u00e9 pour l\u2019am\u00e9nagement de parcs ou boisement en site montagnard.<\/p>\n","protected":false},"excerpt":{"rendered":"<p>\u201cSapin commun\u201d. Port colonnaire, feuillage vert fonc\u00e9, argent\u00e9 audessous. Tr\u00e8s indiqu\u00e9 pour l\u2019am\u00e9nagement de parcs ou boisement en site montagnard.<\/p>\n","protected":false},"featured_media":19947,"template":"","meta":{"_acf_changed":false},"product_brand":[],"product_cat":[8824],"product_tag":[10897],"class_list":{"0":"post-26436","1":"product","2":"type-product","3":"status-publish","4":"has-post-thumbnail","6":"product_cat-coniferes","7":"product_tag-naturelle","8":"pa_altezza-massima-30-metres","9":"pa_altezza-massima-40-metres","10":"pa_famiglia-pinaceae-fr","11":"pa_genere-abies-fr","12":"pa_origine-europe-centrale","13":"pa_portamento-conico-fr","14":"pa_resistenza-climatica-tres-elevee","15":"pa_resistenza-del-suolo-resistant-au-sol-humide","16":"pa_utilizzo-parcs","18":"first","19":"instock","20":"purchasable","21":"product-type-simple"},"acf":[],"_links":{"self":[{"href":"https:\/\/innocentiemangonipiante.it\/fr\/wp-json\/wp\/v2\/product\/26436","targetHints":{"allow":["GET"]}}],"collection":[{"href":"https:\/\/innocentiemangonipiante.it\/fr\/wp-json\/wp\/v2\/product"}],"about":[{"href":"https:\/\/innocentiemangonipiante.it\/fr\/wp-json\/wp\/v2\/types\/product"}],"wp:featuredmedia":[{"embeddable":true,"href":"https:\/\/innocentiemangonipiante.it\/fr\/wp-json\/wp\/v2\/media\/19947"}],"wp:attachment":[{"href":"https:\/\/innocentiemangonipiante.it\/fr\/wp-json\/wp\/v2\/media?parent=26436"}],"wp:term":[{"taxonomy":"product_brand","embeddable":true,"href":"https:\/\/innocentiemangonipiante.it\/fr\/wp-json\/wp\/v2\/product_brand?post=26436"},{"taxonomy":"product_cat","embeddable":true,"href":"https:\/\/innocentiemangonipiante.it\/fr\/wp-json\/wp\/v2\/product_cat?post=26436"},{"taxonomy":"product_tag","embeddable":true,"href":"https:\/\/innocentiemangonipiante.it\/fr\/wp-json\/wp\/v2\/product_tag?post=26436"}],"curies":[{"name":"wp","href":"https:\/\/api.w.org\/{rel}","templated":true}]}}