{"id":26441,"date":"2023-11-03T23:02:48","date_gmt":"2023-11-03T22:02:48","guid":{"rendered":"http:\/\/innocentiemangonipiante.it\/abies-concolor-glauca\/"},"modified":"2023-11-06T13:45:08","modified_gmt":"2023-11-06T12:45:08","slug":"abies-concolor-glauca","status":"publish","type":"product","link":"https:\/\/innocentiemangonipiante.it\/fr\/abies-concolor-glauca\/","title":{"rendered":"ABIES concolor &lsquo;Glauca&rsquo;"},"content":{"rendered":"<p>\u2018\u2018Sapin du Colorado\u201d. Vari\u00e9t\u00e9 de greffe. Port de conique \u00e0 colonnaire, feuillage glauque avec aiguilles de 4 \u00e0 6 cm, souples. Il supporte les grandes chaleurs et les situations difficiles.<\/p>\n","protected":false},"excerpt":{"rendered":"<p>\u2018\u2018Sapin du Colorado\u201d. Vari\u00e9t\u00e9 de greffe. Port de conique \u00e0 colonnaire, feuillage glauque avec aiguilles de 4 \u00e0 6 cm, souples. Il supporte les grandes chaleurs et les situations difficiles.<\/p>\n","protected":false},"featured_media":19967,"template":"","meta":{"_acf_changed":false},"product_brand":[],"product_cat":[8824],"product_tag":[10897],"class_list":{"0":"post-26441","1":"product","2":"type-product","3":"status-publish","4":"has-post-thumbnail","6":"product_cat-coniferes","7":"product_tag-naturelle","8":"pa_altezza-massima-20-metres","9":"pa_altezza-massima-25-metres","10":"pa_famiglia-pinaceae-fr","11":"pa_genere-abies-fr","12":"pa_origine-origine-delle-piante-u-s-a","13":"pa_portamento-conico-fr","14":"pa_resistenza-climatica-tres-elevee","15":"pa_resistenza-del-suolo-resistant-au-sol-humide","16":"pa_resistenza-del-suolo-resistant-aux-sols-calcaires","17":"pa_resistenza-del-suolo-resistant-aux-sols-secs","18":"pa_utilizzo-parcs","20":"first","21":"instock","22":"purchasable","23":"product-type-simple"},"acf":[],"_links":{"self":[{"href":"https:\/\/innocentiemangonipiante.it\/fr\/wp-json\/wp\/v2\/product\/26441","targetHints":{"allow":["GET"]}}],"collection":[{"href":"https:\/\/innocentiemangonipiante.it\/fr\/wp-json\/wp\/v2\/product"}],"about":[{"href":"https:\/\/innocentiemangonipiante.it\/fr\/wp-json\/wp\/v2\/types\/product"}],"wp:featuredmedia":[{"embeddable":true,"href":"https:\/\/innocentiemangonipiante.it\/fr\/wp-json\/wp\/v2\/media\/19967"}],"wp:attachment":[{"href":"https:\/\/innocentiemangonipiante.it\/fr\/wp-json\/wp\/v2\/media?parent=26441"}],"wp:term":[{"taxonomy":"product_brand","embeddable":true,"href":"https:\/\/innocentiemangonipiante.it\/fr\/wp-json\/wp\/v2\/product_brand?post=26441"},{"taxonomy":"product_cat","embeddable":true,"href":"https:\/\/innocentiemangonipiante.it\/fr\/wp-json\/wp\/v2\/product_cat?post=26441"},{"taxonomy":"product_tag","embeddable":true,"href":"https:\/\/innocentiemangonipiante.it\/fr\/wp-json\/wp\/v2\/product_tag?post=26441"}],"curies":[{"name":"wp","href":"https:\/\/api.w.org\/{rel}","templated":true}]}}