{"id":26444,"date":"2023-11-03T23:05:37","date_gmt":"2023-11-03T22:05:37","guid":{"rendered":"http:\/\/innocentiemangonipiante.it\/abutilon-in-varieta\/"},"modified":"2023-11-06T13:45:42","modified_gmt":"2023-11-06T12:45:42","slug":"abutilon-in-varieta","status":"publish","type":"product","link":"https:\/\/innocentiemangonipiante.it\/fr\/abutilon-in-varieta\/","title":{"rendered":"ABUTILON in variet\u00e0"},"content":{"rendered":"<p>Large gamme d\u2019arbustes persistants tr\u00e8s d\u00e9coratifs, s\u00e9lectionn\u00e9s pour le beau feuillage et pour la riche production de fleurs campanul\u00e9es, pleureures, de avril \u00e0 septembre.<\/p>\n","protected":false},"excerpt":{"rendered":"<p>Large gamme d\u2019arbustes persistants tr\u00e8s d\u00e9coratifs, s\u00e9lectionn\u00e9s pour le beau feuillage et pour la riche production de fleurs campanul\u00e9es, pleureures, de avril \u00e0 septembre.<\/p>\n","protected":false},"featured_media":19980,"template":"","meta":{"_acf_changed":false},"product_brand":[],"product_cat":[8317],"product_tag":[10897],"class_list":{"0":"post-26444","1":"product","2":"type-product","3":"status-publish","4":"has-post-thumbnail","6":"product_cat-sans-categorie","7":"product_tag-naturelle","8":"pa_altezza-massima-150-fr","9":"pa_altezza-massima-200-fr","10":"pa_colore-fioritura-orange-fr","11":"pa_famiglia-malvaceae-fr","12":"pa_genere-abutilon-fr","13":"pa_origine-bresil","14":"pa_periodo-fioritura-aout","15":"pa_periodo-fioritura-avril","16":"pa_periodo-fioritura-juillet","17":"pa_periodo-fioritura-juin","18":"pa_periodo-fioritura-mai","19":"pa_periodo-fioritura-septembre","20":"pa_portamento-arrondi","21":"pa_resistenza-climatica-plantes-avec-une-faible-resistance-climatique","22":"pa_resistenza-del-suolo-resistant-aux-sols-calcaires","23":"pa_salinita-resistance-a-la-salinisation","24":"pa_utilizzo-balcons","25":"pa_utilizzo-interieur","26":"pa_utilizzo-petits-jardins","28":"first","29":"instock","30":"purchasable","31":"product-type-simple"},"acf":[],"_links":{"self":[{"href":"https:\/\/innocentiemangonipiante.it\/fr\/wp-json\/wp\/v2\/product\/26444","targetHints":{"allow":["GET"]}}],"collection":[{"href":"https:\/\/innocentiemangonipiante.it\/fr\/wp-json\/wp\/v2\/product"}],"about":[{"href":"https:\/\/innocentiemangonipiante.it\/fr\/wp-json\/wp\/v2\/types\/product"}],"wp:featuredmedia":[{"embeddable":true,"href":"https:\/\/innocentiemangonipiante.it\/fr\/wp-json\/wp\/v2\/media\/19980"}],"wp:attachment":[{"href":"https:\/\/innocentiemangonipiante.it\/fr\/wp-json\/wp\/v2\/media?parent=26444"}],"wp:term":[{"taxonomy":"product_brand","embeddable":true,"href":"https:\/\/innocentiemangonipiante.it\/fr\/wp-json\/wp\/v2\/product_brand?post=26444"},{"taxonomy":"product_cat","embeddable":true,"href":"https:\/\/innocentiemangonipiante.it\/fr\/wp-json\/wp\/v2\/product_cat?post=26444"},{"taxonomy":"product_tag","embeddable":true,"href":"https:\/\/innocentiemangonipiante.it\/fr\/wp-json\/wp\/v2\/product_tag?post=26444"}],"curies":[{"name":"wp","href":"https:\/\/api.w.org\/{rel}","templated":true}]}}