{"id":26445,"date":"2023-11-03T23:06:27","date_gmt":"2023-11-03T22:06:27","guid":{"rendered":"http:\/\/innocentiemangonipiante.it\/acacia-decurrens-rustica-2\/"},"modified":"2023-11-06T13:46:02","modified_gmt":"2023-11-06T12:46:02","slug":"acacia-decurrens-rustica","status":"publish","type":"product","link":"https:\/\/innocentiemangonipiante.it\/fr\/acacia-decurrens-rustica\/","title":{"rendered":"ACACIA decurrens &lsquo;Rustica&rsquo;"},"content":{"rendered":"<p>Vari\u00e9t\u00e9 de greffe. Persistant feuillage glauque, fleuraison en f\u00e9vrier.<\/p>\n","protected":false},"excerpt":{"rendered":"<p>Vari\u00e9t\u00e9 de greffe. Persistant feuillage glauque, fleuraison en f\u00e9vrier.<\/p>\n","protected":false},"featured_media":0,"template":"","meta":{"_acf_changed":false},"product_brand":[],"product_cat":[8817],"product_tag":[10897],"class_list":{"0":"post-26445","1":"product","2":"type-product","3":"status-publish","5":"product_cat-arbres-et-arbustes-persistants","6":"product_tag-naturelle","7":"pa_altezza-massima-1000-fr-2","8":"pa_altezza-massima-15-metres","9":"pa_colore-delle-foglie-grises","10":"pa_colore-fioritura-jaune","11":"pa_famiglia-leguminosae-fr","12":"pa_genere-acacia-fr","13":"pa_origine-sud-de-leurope-fr","14":"pa_periodo-fioritura-fevrier","15":"pa_portamento-arrondi","16":"pa_profumo-intense-fr","17":"pa_resistenza-climatica-moyenne","18":"pa_resistenza-del-suolo-resistant-aux-sols-secs","19":"pa_salinita-resistance-a-la-salinisation","20":"pa_utilizzo-parcs","22":"first","23":"instock","24":"purchasable","25":"product-type-simple"},"acf":[],"_links":{"self":[{"href":"https:\/\/innocentiemangonipiante.it\/fr\/wp-json\/wp\/v2\/product\/26445","targetHints":{"allow":["GET"]}}],"collection":[{"href":"https:\/\/innocentiemangonipiante.it\/fr\/wp-json\/wp\/v2\/product"}],"about":[{"href":"https:\/\/innocentiemangonipiante.it\/fr\/wp-json\/wp\/v2\/types\/product"}],"wp:attachment":[{"href":"https:\/\/innocentiemangonipiante.it\/fr\/wp-json\/wp\/v2\/media?parent=26445"}],"wp:term":[{"taxonomy":"product_brand","embeddable":true,"href":"https:\/\/innocentiemangonipiante.it\/fr\/wp-json\/wp\/v2\/product_brand?post=26445"},{"taxonomy":"product_cat","embeddable":true,"href":"https:\/\/innocentiemangonipiante.it\/fr\/wp-json\/wp\/v2\/product_cat?post=26445"},{"taxonomy":"product_tag","embeddable":true,"href":"https:\/\/innocentiemangonipiante.it\/fr\/wp-json\/wp\/v2\/product_tag?post=26445"}],"curies":[{"name":"wp","href":"https:\/\/api.w.org\/{rel}","templated":true}]}}