{"id":26448,"date":"2023-11-03T23:07:34","date_gmt":"2023-11-03T22:07:34","guid":{"rendered":"http:\/\/innocentiemangonipiante.it\/acer-campestre-elsrijk\/"},"modified":"2023-11-06T13:46:29","modified_gmt":"2023-11-06T12:46:29","slug":"acer-campestre-elsrijk","status":"publish","type":"product","link":"https:\/\/innocentiemangonipiante.it\/fr\/acer-campestre-elsrijk\/","title":{"rendered":"ACER campestre &lsquo;Elsrijk&rsquo;"},"content":{"rendered":"<p>Arbre \u00e0 feuilles trilob\u00e8s vert opaque et de moyenne dimension, au port erig\u00e9, huppier regulier. Les feuilles virent au jaune an automne. Il s\u2019agit d\u2019un arbre d\u2019all\u00e9e ou d\u2019avenue.<\/p>\n","protected":false},"excerpt":{"rendered":"<p>Arbre \u00e0 feuilles trilob\u00e8s vert opaque et de moyenne dimension, au port erig\u00e9, huppier regulier. Les feuilles virent au jaune an automne. Il s\u2019agit d\u2019un arbre d\u2019all\u00e9e ou d\u2019avenue.<\/p>\n","protected":false},"featured_media":19994,"template":"","meta":{"_acf_changed":false},"product_brand":[],"product_cat":[8812,9230],"product_tag":[10897],"class_list":{"0":"post-26448","1":"product","2":"type-product","3":"status-publish","4":"has-post-thumbnail","6":"product_cat-arbres-et-arbustes-a-feuilles-caduques","7":"product_cat-arbres-et-plantes-du-futur","8":"product_tag-naturelle","9":"pa_altezza-massima-600-fr","10":"pa_altezza-massima-12-metres","11":"pa_famiglia-aceraceae-fr","12":"pa_genere-acer-fr","13":"pa_inquinamento-resistance-a-la-pollution","14":"pa_origine-hollande","15":"pa_portamento-piramidale-fr","16":"pa_resistenza-climatica-tres-elevee","17":"pa_resistenza-del-suolo-resistant-aux-sols-calcaires","18":"pa_resistenza-del-suolo-resistant-aux-sols-pauvres","19":"pa_resistenza-del-suolo-resistant-aux-sols-secs","20":"pa_salinita-resistance-a-la-salinisation","21":"pa_utilizzo-avenues-fr","22":"pa_utilizzo-parcs","24":"first","25":"instock","26":"purchasable","27":"product-type-simple"},"acf":[],"_links":{"self":[{"href":"https:\/\/innocentiemangonipiante.it\/fr\/wp-json\/wp\/v2\/product\/26448","targetHints":{"allow":["GET"]}}],"collection":[{"href":"https:\/\/innocentiemangonipiante.it\/fr\/wp-json\/wp\/v2\/product"}],"about":[{"href":"https:\/\/innocentiemangonipiante.it\/fr\/wp-json\/wp\/v2\/types\/product"}],"wp:featuredmedia":[{"embeddable":true,"href":"https:\/\/innocentiemangonipiante.it\/fr\/wp-json\/wp\/v2\/media\/19994"}],"wp:attachment":[{"href":"https:\/\/innocentiemangonipiante.it\/fr\/wp-json\/wp\/v2\/media?parent=26448"}],"wp:term":[{"taxonomy":"product_brand","embeddable":true,"href":"https:\/\/innocentiemangonipiante.it\/fr\/wp-json\/wp\/v2\/product_brand?post=26448"},{"taxonomy":"product_cat","embeddable":true,"href":"https:\/\/innocentiemangonipiante.it\/fr\/wp-json\/wp\/v2\/product_cat?post=26448"},{"taxonomy":"product_tag","embeddable":true,"href":"https:\/\/innocentiemangonipiante.it\/fr\/wp-json\/wp\/v2\/product_tag?post=26448"}],"curies":[{"name":"wp","href":"https:\/\/api.w.org\/{rel}","templated":true}]}}