{"id":26454,"date":"2023-11-03T23:08:23","date_gmt":"2023-11-03T22:08:23","guid":{"rendered":"http:\/\/innocentiemangonipiante.it\/acer-cappadocium-aureum\/"},"modified":"2023-11-06T13:46:47","modified_gmt":"2023-11-06T12:46:47","slug":"acer-cappadocium-aureum","status":"publish","type":"product","link":"https:\/\/innocentiemangonipiante.it\/fr\/acer-cappadocium-aureum\/","title":{"rendered":"ACER cappadocium &lsquo;Aureum&rsquo;"},"content":{"rendered":"<p>Les feuilles sont largement ov\u00e9es, d\u2019abord de couleur jaune apr\u00e8s elles virent au vert en \u00e9t\u00e9 et d\u00e9viennent encore jaune en automne.<\/p>\n","protected":false},"excerpt":{"rendered":"<p>Les feuilles sont largement ov\u00e9es, d\u2019abord de couleur jaune apr\u00e8s elles virent au vert en \u00e9t\u00e9 et d\u00e9viennent encore jaune en automne.<\/p>\n","protected":false},"featured_media":20010,"template":"","meta":{"_acf_changed":false},"product_brand":[],"product_cat":[8812],"product_tag":[10897],"class_list":{"0":"post-26454","1":"product","2":"type-product","3":"status-publish","4":"has-post-thumbnail","6":"product_cat-arbres-et-arbustes-a-feuilles-caduques","7":"product_tag-naturelle","8":"pa_altezza-massima-1000-fr-2","9":"pa_altezza-massima-15-metres","10":"pa_colore-delle-foglie-jaune","11":"pa_famiglia-aceraceae-fr","12":"pa_genere-acer-fr","13":"pa_origine-moyen-orient","14":"pa_portamento-arrondi","15":"pa_resistenza-climatica-tres-elevee","16":"pa_salinita-resistance-a-la-salinisation","17":"pa_utilizzo-avenues-fr","18":"pa_utilizzo-parcs","20":"first","21":"instock","22":"purchasable","23":"product-type-simple"},"acf":[],"_links":{"self":[{"href":"https:\/\/innocentiemangonipiante.it\/fr\/wp-json\/wp\/v2\/product\/26454","targetHints":{"allow":["GET"]}}],"collection":[{"href":"https:\/\/innocentiemangonipiante.it\/fr\/wp-json\/wp\/v2\/product"}],"about":[{"href":"https:\/\/innocentiemangonipiante.it\/fr\/wp-json\/wp\/v2\/types\/product"}],"wp:featuredmedia":[{"embeddable":true,"href":"https:\/\/innocentiemangonipiante.it\/fr\/wp-json\/wp\/v2\/media\/20010"}],"wp:attachment":[{"href":"https:\/\/innocentiemangonipiante.it\/fr\/wp-json\/wp\/v2\/media?parent=26454"}],"wp:term":[{"taxonomy":"product_brand","embeddable":true,"href":"https:\/\/innocentiemangonipiante.it\/fr\/wp-json\/wp\/v2\/product_brand?post=26454"},{"taxonomy":"product_cat","embeddable":true,"href":"https:\/\/innocentiemangonipiante.it\/fr\/wp-json\/wp\/v2\/product_cat?post=26454"},{"taxonomy":"product_tag","embeddable":true,"href":"https:\/\/innocentiemangonipiante.it\/fr\/wp-json\/wp\/v2\/product_tag?post=26454"}],"curies":[{"name":"wp","href":"https:\/\/api.w.org\/{rel}","templated":true}]}}