{"id":26455,"date":"2023-11-03T23:08:29","date_gmt":"2023-11-03T22:08:29","guid":{"rendered":"http:\/\/innocentiemangonipiante.it\/acer-cappadocium-rubrum\/"},"modified":"2023-11-06T13:46:49","modified_gmt":"2023-11-06T12:46:49","slug":"acer-cappadocium-rubrum","status":"publish","type":"product","link":"https:\/\/innocentiemangonipiante.it\/fr\/acer-cappadocium-rubrum\/","title":{"rendered":"ACER cappadocium &lsquo;Rubrum&rsquo;"},"content":{"rendered":"<p>Arbre au port tr\u00e8s etal\u00e9, avec feuilles l\u00e9g\u00e8rement ov\u00e9es \u00e0 5-7 lobes de couleur rouge au printemps, verte en \u00e9t\u00e9 et jaune d\u2019or en automne. L\u2019\u00e9corce est rouge sur les nouvelles v\u00e9g\u00e9tations et stri\u00e9e sur le tronc.<\/p>\n","protected":false},"excerpt":{"rendered":"<p>Arbre au port tr\u00e8s etal\u00e9, avec feuilles l\u00e9g\u00e8rement ov\u00e9es \u00e0 5-7 lobes de couleur rouge au printemps, verte en \u00e9t\u00e9 et jaune d\u2019or en automne. L\u2019\u00e9corce est rouge sur les nouvelles v\u00e9g\u00e9tations et stri\u00e9e sur le tronc.<\/p>\n","protected":false},"featured_media":20016,"template":"","meta":{"_acf_changed":false},"product_brand":[],"product_cat":[8812],"product_tag":[10897],"class_list":{"0":"post-26455","1":"product","2":"type-product","3":"status-publish","4":"has-post-thumbnail","6":"product_cat-arbres-et-arbustes-a-feuilles-caduques","7":"product_tag-naturelle","8":"pa_altezza-massima-1000-fr-2","9":"pa_altezza-massima-15-metres","10":"pa_colore-delle-foglie-rouge","11":"pa_famiglia-aceraceae-fr","12":"pa_genere-acer-fr","13":"pa_inquinamento-resistance-a-la-pollution","14":"pa_origine-asie-orientale","15":"pa_origine-europe-centrale","16":"pa_portamento-arrondi","17":"pa_resistenza-climatica-tres-elevee","18":"pa_resistenza-del-suolo-resistant-aux-sols-calcaires","19":"pa_resistenza-del-suolo-resistant-aux-sols-pauvres","20":"pa_salinita-resistance-a-la-salinisation","21":"pa_utilizzo-parcs","23":"first","24":"instock","25":"purchasable","26":"product-type-simple"},"acf":[],"_links":{"self":[{"href":"https:\/\/innocentiemangonipiante.it\/fr\/wp-json\/wp\/v2\/product\/26455","targetHints":{"allow":["GET"]}}],"collection":[{"href":"https:\/\/innocentiemangonipiante.it\/fr\/wp-json\/wp\/v2\/product"}],"about":[{"href":"https:\/\/innocentiemangonipiante.it\/fr\/wp-json\/wp\/v2\/types\/product"}],"wp:featuredmedia":[{"embeddable":true,"href":"https:\/\/innocentiemangonipiante.it\/fr\/wp-json\/wp\/v2\/media\/20016"}],"wp:attachment":[{"href":"https:\/\/innocentiemangonipiante.it\/fr\/wp-json\/wp\/v2\/media?parent=26455"}],"wp:term":[{"taxonomy":"product_brand","embeddable":true,"href":"https:\/\/innocentiemangonipiante.it\/fr\/wp-json\/wp\/v2\/product_brand?post=26455"},{"taxonomy":"product_cat","embeddable":true,"href":"https:\/\/innocentiemangonipiante.it\/fr\/wp-json\/wp\/v2\/product_cat?post=26455"},{"taxonomy":"product_tag","embeddable":true,"href":"https:\/\/innocentiemangonipiante.it\/fr\/wp-json\/wp\/v2\/product_tag?post=26455"}],"curies":[{"name":"wp","href":"https:\/\/api.w.org\/{rel}","templated":true}]}}