{"id":26458,"date":"2023-11-03T23:08:46","date_gmt":"2023-11-03T22:08:46","guid":{"rendered":"http:\/\/innocentiemangonipiante.it\/acer-davidii\/"},"modified":"2023-11-06T13:47:25","modified_gmt":"2023-11-06T12:47:25","slug":"acer-davidii","status":"publish","type":"product","link":"https:\/\/innocentiemangonipiante.it\/fr\/acer-davidii\/","title":{"rendered":"ACER davidii"},"content":{"rendered":"<p>Arbre caduc, avec branches arqu\u00e9es et \u00e9corce ray\u00e9e de vert et blanc. Feuilles ov\u00e9es, vertes, jusqu\u2019\u00e0 15 cm de longueur, qui virent au jaune et orange en automne, lorsque les fruits apparaissent. Fleurs jaune clair en rac\u00e8mes pleureurs.<\/p>\n","protected":false},"excerpt":{"rendered":"<p>Arbre caduc, avec branches arqu\u00e9es et \u00e9corce ray\u00e9e de vert et blanc. Feuilles ov\u00e9es, vertes, jusqu\u2019\u00e0 15 cm de longueur, qui virent au jaune et orange en automne, lorsque les fruits apparaissent. Fleurs jaune clair en rac\u00e8mes pleureurs.<\/p>\n","protected":false},"featured_media":20034,"template":"","meta":{"_acf_changed":false},"product_brand":[],"product_cat":[8812],"product_tag":[10897],"class_list":{"0":"post-26458","1":"product","2":"type-product","3":"status-publish","4":"has-post-thumbnail","6":"product_cat-arbres-et-arbustes-a-feuilles-caduques","7":"product_tag-naturelle","8":"pa_altezza-massima-1000-fr-2","9":"pa_altezza-massima-15-metres","10":"pa_famiglia-aceraceae-fr","11":"pa_genere-acer-fr","12":"pa_origine-chine","13":"pa_portamento-arrondi","14":"pa_resistenza-climatica-tres-elevee","15":"pa_utilizzo-parcs","17":"first","18":"instock","19":"purchasable","20":"product-type-simple"},"acf":[],"_links":{"self":[{"href":"https:\/\/innocentiemangonipiante.it\/fr\/wp-json\/wp\/v2\/product\/26458","targetHints":{"allow":["GET"]}}],"collection":[{"href":"https:\/\/innocentiemangonipiante.it\/fr\/wp-json\/wp\/v2\/product"}],"about":[{"href":"https:\/\/innocentiemangonipiante.it\/fr\/wp-json\/wp\/v2\/types\/product"}],"wp:featuredmedia":[{"embeddable":true,"href":"https:\/\/innocentiemangonipiante.it\/fr\/wp-json\/wp\/v2\/media\/20034"}],"wp:attachment":[{"href":"https:\/\/innocentiemangonipiante.it\/fr\/wp-json\/wp\/v2\/media?parent=26458"}],"wp:term":[{"taxonomy":"product_brand","embeddable":true,"href":"https:\/\/innocentiemangonipiante.it\/fr\/wp-json\/wp\/v2\/product_brand?post=26458"},{"taxonomy":"product_cat","embeddable":true,"href":"https:\/\/innocentiemangonipiante.it\/fr\/wp-json\/wp\/v2\/product_cat?post=26458"},{"taxonomy":"product_tag","embeddable":true,"href":"https:\/\/innocentiemangonipiante.it\/fr\/wp-json\/wp\/v2\/product_tag?post=26458"}],"curies":[{"name":"wp","href":"https:\/\/api.w.org\/{rel}","templated":true}]}}