{"id":26462,"date":"2023-11-03T23:09:59","date_gmt":"2023-11-03T22:09:59","guid":{"rendered":"http:\/\/innocentiemangonipiante.it\/acer-palmatum\/"},"modified":"2023-11-06T13:47:54","modified_gmt":"2023-11-06T12:47:54","slug":"acer-palmatum","status":"publish","type":"product","link":"https:\/\/innocentiemangonipiante.it\/fr\/acer-palmatum\/","title":{"rendered":"ACER palmatum"},"content":{"rendered":"<p>\u201cErable du japon\u201d. Arbres \u00e0 feuilles caduques, avec feuilles de 5 \u00e0 9 lobes de couleur verte, de 5 \u00e0 12 cm de longueur qui deviennent de jaune-orange \u00e0 rouge en automne.<\/p>\n","protected":false},"excerpt":{"rendered":"<p>\u201cErable du japon\u201d. Arbres \u00e0 feuilles caduques, avec feuilles de 5 \u00e0 9 lobes de couleur verte, de 5 \u00e0 12 cm de longueur qui deviennent de jaune-orange \u00e0 rouge en automne.<\/p>\n","protected":false},"featured_media":20053,"template":"","meta":{"_acf_changed":false},"product_brand":[],"product_cat":[8812],"product_tag":[10897,6255,8400],"class_list":{"0":"post-26462","1":"product","2":"type-product","3":"status-publish","4":"has-post-thumbnail","6":"product_cat-arbres-et-arbustes-a-feuilles-caduques","7":"product_tag-naturelle","8":"product_tag-demi-tige","9":"product_tag-tige","10":"pa_altezza-massima-500-fr","11":"pa_altezza-massima-800-fr","12":"pa_condizionamento-clt-fr","13":"pa_condizionamento-vs-fr","14":"pa_condizionamento-motte","15":"pa_famiglia-aceraceae-fr","16":"pa_genere-acer-fr","17":"pa_origine-asie-orientale","18":"pa_portamento-eretto-fr","19":"pa_resistenza-climatica-tres-elevee","20":"pa_utilizzo-parcs","21":"pa_utilizzo-petits-jardins","23":"first","24":"instock","25":"purchasable","26":"product-type-simple"},"acf":[],"_links":{"self":[{"href":"https:\/\/innocentiemangonipiante.it\/fr\/wp-json\/wp\/v2\/product\/26462","targetHints":{"allow":["GET"]}}],"collection":[{"href":"https:\/\/innocentiemangonipiante.it\/fr\/wp-json\/wp\/v2\/product"}],"about":[{"href":"https:\/\/innocentiemangonipiante.it\/fr\/wp-json\/wp\/v2\/types\/product"}],"wp:featuredmedia":[{"embeddable":true,"href":"https:\/\/innocentiemangonipiante.it\/fr\/wp-json\/wp\/v2\/media\/20053"}],"wp:attachment":[{"href":"https:\/\/innocentiemangonipiante.it\/fr\/wp-json\/wp\/v2\/media?parent=26462"}],"wp:term":[{"taxonomy":"product_brand","embeddable":true,"href":"https:\/\/innocentiemangonipiante.it\/fr\/wp-json\/wp\/v2\/product_brand?post=26462"},{"taxonomy":"product_cat","embeddable":true,"href":"https:\/\/innocentiemangonipiante.it\/fr\/wp-json\/wp\/v2\/product_cat?post=26462"},{"taxonomy":"product_tag","embeddable":true,"href":"https:\/\/innocentiemangonipiante.it\/fr\/wp-json\/wp\/v2\/product_tag?post=26462"}],"curies":[{"name":"wp","href":"https:\/\/api.w.org\/{rel}","templated":true}]}}