{"id":26481,"date":"2023-11-03T23:14:03","date_gmt":"2023-11-03T22:14:03","guid":{"rendered":"http:\/\/innocentiemangonipiante.it\/acer-palmatum-shishigashira-2\/"},"modified":"2023-11-06T13:49:57","modified_gmt":"2023-11-06T12:49:57","slug":"acer-palmatum-shishigashira","status":"publish","type":"product","link":"https:\/\/innocentiemangonipiante.it\/fr\/acer-palmatum-shishigashira\/","title":{"rendered":"ACER palmatum &lsquo;Shishigashira&rsquo;"},"content":{"rendered":"<p>Port \u00e9rig\u00e9, feuilles petites de couleur vert, bord\u00e9es de cr\u00e8me-rose.<\/p>\n","protected":false},"excerpt":{"rendered":"<p>Port \u00e9rig\u00e9, feuilles petites de couleur vert, bord\u00e9es de cr\u00e8me-rose.<\/p>\n","protected":false},"featured_media":20142,"template":"","meta":{"_acf_changed":false},"product_brand":[],"product_cat":[8812],"product_tag":[10897],"class_list":{"0":"post-26481","1":"product","2":"type-product","3":"status-publish","4":"has-post-thumbnail","6":"product_cat-arbres-et-arbustes-a-feuilles-caduques","7":"product_tag-naturelle","8":"pa_altezza-massima-500-fr","9":"pa_altezza-massima-800-fr","10":"pa_colore-delle-foglie-panachees","11":"pa_famiglia-aceraceae-fr","12":"pa_genere-acer-fr","13":"pa_origine-asie-orientale","14":"pa_portamento-eretto-fr","15":"pa_resistenza-climatica-tres-elevee","16":"pa_utilizzo-parcs","17":"pa_utilizzo-petits-jardins","19":"first","20":"instock","21":"purchasable","22":"product-type-simple"},"acf":[],"_links":{"self":[{"href":"https:\/\/innocentiemangonipiante.it\/fr\/wp-json\/wp\/v2\/product\/26481","targetHints":{"allow":["GET"]}}],"collection":[{"href":"https:\/\/innocentiemangonipiante.it\/fr\/wp-json\/wp\/v2\/product"}],"about":[{"href":"https:\/\/innocentiemangonipiante.it\/fr\/wp-json\/wp\/v2\/types\/product"}],"wp:featuredmedia":[{"embeddable":true,"href":"https:\/\/innocentiemangonipiante.it\/fr\/wp-json\/wp\/v2\/media\/20142"}],"wp:attachment":[{"href":"https:\/\/innocentiemangonipiante.it\/fr\/wp-json\/wp\/v2\/media?parent=26481"}],"wp:term":[{"taxonomy":"product_brand","embeddable":true,"href":"https:\/\/innocentiemangonipiante.it\/fr\/wp-json\/wp\/v2\/product_brand?post=26481"},{"taxonomy":"product_cat","embeddable":true,"href":"https:\/\/innocentiemangonipiante.it\/fr\/wp-json\/wp\/v2\/product_cat?post=26481"},{"taxonomy":"product_tag","embeddable":true,"href":"https:\/\/innocentiemangonipiante.it\/fr\/wp-json\/wp\/v2\/product_tag?post=26481"}],"curies":[{"name":"wp","href":"https:\/\/api.w.org\/{rel}","templated":true}]}}