{"id":26495,"date":"2023-11-03T23:16:30","date_gmt":"2023-11-03T22:16:30","guid":{"rendered":"http:\/\/innocentiemangonipiante.it\/acer-platanoides-parkway\/"},"modified":"2023-11-06T13:51:17","modified_gmt":"2023-11-06T12:51:17","slug":"acer-platanoides-parkway","status":"publish","type":"product","link":"https:\/\/innocentiemangonipiante.it\/fr\/acer-platanoides-parkway\/","title":{"rendered":"ACER platanoides &lsquo;Parkway&rsquo;"},"content":{"rendered":"<p>Est un erable avec port colonnaire, vigoreux, de grande developpement. Resistant \u00e0 la verticillose. Il s\u2019adapte \u00e0 tous les sols et tol\u00e9re la pollution. Tr\u00e8s adapte aux avenues en ville.<\/p>\n","protected":false},"excerpt":{"rendered":"<p>Est un erable avec port colonnaire, vigoreux, de grande developpement. Resistant \u00e0 la verticillose. Il s\u2019adapte \u00e0 tous les sols et tol\u00e9re la pollution. Tr\u00e8s adapte aux avenues en ville.<\/p>\n","protected":false},"featured_media":20186,"template":"","meta":{"_acf_changed":false},"product_brand":[],"product_cat":[8812],"product_tag":[10897],"class_list":{"0":"post-26495","1":"product","2":"type-product","3":"status-publish","4":"has-post-thumbnail","6":"product_cat-arbres-et-arbustes-a-feuilles-caduques","7":"product_tag-naturelle","8":"pa_altezza-massima-1000-fr-2","9":"pa_altezza-massima-15-metres","10":"pa_famiglia-aceraceae-fr","11":"pa_genere-acer-fr","12":"pa_inquinamento-resistance-a-la-pollution","13":"pa_origine-allemagne","14":"pa_portamento-de-colonne","15":"pa_resistenza-climatica-tres-elevee","16":"pa_resistenza-del-suolo-resistant-au-sol-humide","17":"pa_resistenza-del-suolo-resistant-aux-sols-calcaires","18":"pa_salinita-resistance-a-la-salinisation","19":"pa_utilizzo-avenues-fr","21":"first","22":"instock","23":"purchasable","24":"product-type-simple"},"acf":[],"_links":{"self":[{"href":"https:\/\/innocentiemangonipiante.it\/fr\/wp-json\/wp\/v2\/product\/26495","targetHints":{"allow":["GET"]}}],"collection":[{"href":"https:\/\/innocentiemangonipiante.it\/fr\/wp-json\/wp\/v2\/product"}],"about":[{"href":"https:\/\/innocentiemangonipiante.it\/fr\/wp-json\/wp\/v2\/types\/product"}],"wp:featuredmedia":[{"embeddable":true,"href":"https:\/\/innocentiemangonipiante.it\/fr\/wp-json\/wp\/v2\/media\/20186"}],"wp:attachment":[{"href":"https:\/\/innocentiemangonipiante.it\/fr\/wp-json\/wp\/v2\/media?parent=26495"}],"wp:term":[{"taxonomy":"product_brand","embeddable":true,"href":"https:\/\/innocentiemangonipiante.it\/fr\/wp-json\/wp\/v2\/product_brand?post=26495"},{"taxonomy":"product_cat","embeddable":true,"href":"https:\/\/innocentiemangonipiante.it\/fr\/wp-json\/wp\/v2\/product_cat?post=26495"},{"taxonomy":"product_tag","embeddable":true,"href":"https:\/\/innocentiemangonipiante.it\/fr\/wp-json\/wp\/v2\/product_tag?post=26495"}],"curies":[{"name":"wp","href":"https:\/\/api.w.org\/{rel}","templated":true}]}}