{"id":26500,"date":"2023-11-03T23:18:19","date_gmt":"2023-11-03T22:18:19","guid":{"rendered":"http:\/\/innocentiemangonipiante.it\/acer-saccharinum-green-mountain\/"},"modified":"2023-11-06T13:52:01","modified_gmt":"2023-11-06T12:52:01","slug":"acer-saccharinum-green-mountain","status":"publish","type":"product","link":"https:\/\/innocentiemangonipiante.it\/fr\/acer-saccharinum-green-mountain\/","title":{"rendered":"ACER saccharinum &lsquo;Green Mountain&rsquo; \u00ae"},"content":{"rendered":"<p>Port \u00e9rig\u00e9, \u00e9corce gris qu\u2019avec les ann\u00e9es a tendance \u00e0 se fissurer. Les sujets adultes ont t\u00eate arrondie, compacte et bien ramifi\u00e9e. Feuillage vert fonc\u00e9, \u201ccir\u00e9\u201d, bien r\u00e9sistant au soleil, qu\u2019en automne prennent des couleurs rougeorange jusqu\u2019au rose fonc\u00e9. Dans le Nord de l\u2019Am\u00e9rique, la s\u00e8ve de cet \u00e9rable est utilis\u00e9e pour obtenir le sirop d\u2019\u00e9rable qui est utilis\u00e9 comme \u00e9dulcorant.<\/p>\n","protected":false},"excerpt":{"rendered":"<p>Port \u00e9rig\u00e9, \u00e9corce gris qu\u2019avec les ann\u00e9es a tendance \u00e0 se fissurer. Les sujets adultes ont t\u00eate arrondie, compacte et bien ramifi\u00e9e. Feuillage vert fonc\u00e9, \u201ccir\u00e9\u201d, bien r\u00e9sistant au soleil, qu\u2019en automne prennent des couleurs rougeorange jusqu\u2019au rose fonc\u00e9. Dans le Nord de l\u2019Am\u00e9rique, la s\u00e8ve de cet \u00e9rable est utilis\u00e9e pour obtenir le sirop [&hellip;]<\/p>\n","protected":false},"featured_media":455,"template":"","meta":{"_acf_changed":false},"product_brand":[],"product_cat":[8812],"product_tag":[10897,8400],"class_list":{"0":"post-26500","1":"product","2":"type-product","3":"status-publish","4":"has-post-thumbnail","6":"product_cat-arbres-et-arbustes-a-feuilles-caduques","7":"product_tag-naturelle","8":"product_tag-tige","9":"pa_altezza-massima-20-metres","10":"pa_altezza-massima-30-metres","11":"pa_condizionamento-clt-fr","12":"pa_condizionamento-motte","13":"pa_famiglia-aceraceae-fr","14":"pa_genere-acer-fr","15":"pa_inquinamento-resistance-a-la-pollution","16":"pa_origine-origine-delle-piante-u-s-a","17":"pa_portamento-piramidale-fr","18":"pa_resistenza-climatica-tres-elevee","19":"pa_resistenza-del-suolo-resistant-au-sol-humide","20":"pa_resistenza-del-suolo-resistant-aux-sols-pauvres","21":"pa_resistenza-del-suolo-resistant-aux-sols-secs","22":"pa_salinita-resistance-a-la-salinisation","23":"pa_utilizzo-avenues-fr","24":"pa_utilizzo-parcs","26":"first","27":"instock","28":"purchasable","29":"product-type-simple"},"acf":[],"_links":{"self":[{"href":"https:\/\/innocentiemangonipiante.it\/fr\/wp-json\/wp\/v2\/product\/26500","targetHints":{"allow":["GET"]}}],"collection":[{"href":"https:\/\/innocentiemangonipiante.it\/fr\/wp-json\/wp\/v2\/product"}],"about":[{"href":"https:\/\/innocentiemangonipiante.it\/fr\/wp-json\/wp\/v2\/types\/product"}],"wp:featuredmedia":[{"embeddable":true,"href":"https:\/\/innocentiemangonipiante.it\/fr\/wp-json\/wp\/v2\/media\/455"}],"wp:attachment":[{"href":"https:\/\/innocentiemangonipiante.it\/fr\/wp-json\/wp\/v2\/media?parent=26500"}],"wp:term":[{"taxonomy":"product_brand","embeddable":true,"href":"https:\/\/innocentiemangonipiante.it\/fr\/wp-json\/wp\/v2\/product_brand?post=26500"},{"taxonomy":"product_cat","embeddable":true,"href":"https:\/\/innocentiemangonipiante.it\/fr\/wp-json\/wp\/v2\/product_cat?post=26500"},{"taxonomy":"product_tag","embeddable":true,"href":"https:\/\/innocentiemangonipiante.it\/fr\/wp-json\/wp\/v2\/product_tag?post=26500"}],"curies":[{"name":"wp","href":"https:\/\/api.w.org\/{rel}","templated":true}]}}