{"id":26502,"date":"2023-11-03T23:18:26","date_gmt":"2023-11-03T22:18:26","guid":{"rendered":"http:\/\/innocentiemangonipiante.it\/acer-saccharinum-lancinatum-wieri-2\/"},"modified":"2023-11-06T13:52:04","modified_gmt":"2023-11-06T12:52:04","slug":"acer-saccharinum-lancinatum-wieri","status":"publish","type":"product","link":"https:\/\/innocentiemangonipiante.it\/fr\/acer-saccharinum-lancinatum-wieri\/","title":{"rendered":"ACER saccharinum &lsquo;Lancinatum Wieri&rsquo;"},"content":{"rendered":"<p>Caract\u00e9ristiques principales comme l\u2019A. saccharinum. Les feuilles sont finement grav\u00e9es en 5 lobes, presque filiformes, de couleur vert clair et blanc argent sur la face inf\u00e9rieure et deviennent de couleur jaune en automne. Grande rusticit\u00e9 en milieu hostile et terrains pauvres \u00e0 condition qu\u2019il b\u00e9n\u00e9ficie de assez de place.<\/p>\n","protected":false},"excerpt":{"rendered":"<p>Caract\u00e9ristiques principales comme l\u2019A. saccharinum. Les feuilles sont finement grav\u00e9es en 5 lobes, presque filiformes, de couleur vert clair et blanc argent sur la face inf\u00e9rieure et deviennent de couleur jaune en automne. Grande rusticit\u00e9 en milieu hostile et terrains pauvres \u00e0 condition qu\u2019il b\u00e9n\u00e9ficie de assez de place.<\/p>\n","protected":false},"featured_media":20208,"template":"","meta":{"_acf_changed":false},"product_brand":[],"product_cat":[8812],"product_tag":[10897],"class_list":{"0":"post-26502","1":"product","2":"type-product","3":"status-publish","4":"has-post-thumbnail","6":"product_cat-arbres-et-arbustes-a-feuilles-caduques","7":"product_tag-naturelle","8":"pa_altezza-massima-15-metres","9":"pa_altezza-massima-25-metres","10":"pa_famiglia-aceraceae-fr","11":"pa_genere-acer-fr","12":"pa_inquinamento-resistance-a-la-pollution","13":"pa_origine-origine-delle-piante-u-s-a","14":"pa_portamento-arrondi","15":"pa_resistenza-climatica-tres-elevee","16":"pa_resistenza-del-suolo-resistant-au-sol-humide","17":"pa_resistenza-del-suolo-resistant-aux-sols-pauvres","18":"pa_resistenza-del-suolo-resistant-aux-sols-secs","19":"pa_utilizzo-parcs","21":"first","22":"instock","23":"purchasable","24":"product-type-simple"},"acf":[],"_links":{"self":[{"href":"https:\/\/innocentiemangonipiante.it\/fr\/wp-json\/wp\/v2\/product\/26502","targetHints":{"allow":["GET"]}}],"collection":[{"href":"https:\/\/innocentiemangonipiante.it\/fr\/wp-json\/wp\/v2\/product"}],"about":[{"href":"https:\/\/innocentiemangonipiante.it\/fr\/wp-json\/wp\/v2\/types\/product"}],"wp:featuredmedia":[{"embeddable":true,"href":"https:\/\/innocentiemangonipiante.it\/fr\/wp-json\/wp\/v2\/media\/20208"}],"wp:attachment":[{"href":"https:\/\/innocentiemangonipiante.it\/fr\/wp-json\/wp\/v2\/media?parent=26502"}],"wp:term":[{"taxonomy":"product_brand","embeddable":true,"href":"https:\/\/innocentiemangonipiante.it\/fr\/wp-json\/wp\/v2\/product_brand?post=26502"},{"taxonomy":"product_cat","embeddable":true,"href":"https:\/\/innocentiemangonipiante.it\/fr\/wp-json\/wp\/v2\/product_cat?post=26502"},{"taxonomy":"product_tag","embeddable":true,"href":"https:\/\/innocentiemangonipiante.it\/fr\/wp-json\/wp\/v2\/product_tag?post=26502"}],"curies":[{"name":"wp","href":"https:\/\/api.w.org\/{rel}","templated":true}]}}