{"id":26505,"date":"2023-11-03T23:19:35","date_gmt":"2023-11-03T22:19:35","guid":{"rendered":"http:\/\/innocentiemangonipiante.it\/acer-x-freemanii-sienna-glen\/"},"modified":"2023-11-06T13:53:01","modified_gmt":"2023-11-06T12:53:01","slug":"acer-x-freemanii-sienna-glen","status":"publish","type":"product","link":"https:\/\/innocentiemangonipiante.it\/fr\/acer-x-freemanii-sienna-glen\/","title":{"rendered":"ACER x freemanii &lsquo;Sienna Glen&rsquo; \u00ae"},"content":{"rendered":"<p>Vari\u00e9t\u00e9 tr\u00e8s rustique d\u2019Acer rubrum. Port pyarmidal, rouge rouille en automne.<\/p>\n","protected":false},"excerpt":{"rendered":"<p>Vari\u00e9t\u00e9 tr\u00e8s rustique d\u2019Acer rubrum. Port pyarmidal, rouge rouille en automne.<\/p>\n","protected":false},"featured_media":20221,"template":"","meta":{"_acf_changed":false},"product_brand":[],"product_cat":[8812],"product_tag":[10897],"class_list":{"0":"post-26505","1":"product","2":"type-product","3":"status-publish","4":"has-post-thumbnail","6":"product_cat-arbres-et-arbustes-a-feuilles-caduques","7":"product_tag-naturelle","8":"pa_altezza-massima-15-metres","9":"pa_altezza-massima-20-metres","10":"pa_famiglia-aceraceae-fr","11":"pa_genere-acer-fr","12":"pa_inquinamento-resistance-a-la-pollution","13":"pa_origine-origine-delle-piante-u-s-a","14":"pa_portamento-piramidale-fr","15":"pa_resistenza-climatica-tres-elevee","16":"pa_resistenza-del-suolo-resistant-au-sol-humide","17":"pa_resistenza-del-suolo-resistant-aux-sols-calcaires","18":"pa_utilizzo-parcs","20":"first","21":"instock","22":"purchasable","23":"product-type-simple"},"acf":[],"_links":{"self":[{"href":"https:\/\/innocentiemangonipiante.it\/fr\/wp-json\/wp\/v2\/product\/26505","targetHints":{"allow":["GET"]}}],"collection":[{"href":"https:\/\/innocentiemangonipiante.it\/fr\/wp-json\/wp\/v2\/product"}],"about":[{"href":"https:\/\/innocentiemangonipiante.it\/fr\/wp-json\/wp\/v2\/types\/product"}],"wp:featuredmedia":[{"embeddable":true,"href":"https:\/\/innocentiemangonipiante.it\/fr\/wp-json\/wp\/v2\/media\/20221"}],"wp:attachment":[{"href":"https:\/\/innocentiemangonipiante.it\/fr\/wp-json\/wp\/v2\/media?parent=26505"}],"wp:term":[{"taxonomy":"product_brand","embeddable":true,"href":"https:\/\/innocentiemangonipiante.it\/fr\/wp-json\/wp\/v2\/product_brand?post=26505"},{"taxonomy":"product_cat","embeddable":true,"href":"https:\/\/innocentiemangonipiante.it\/fr\/wp-json\/wp\/v2\/product_cat?post=26505"},{"taxonomy":"product_tag","embeddable":true,"href":"https:\/\/innocentiemangonipiante.it\/fr\/wp-json\/wp\/v2\/product_tag?post=26505"}],"curies":[{"name":"wp","href":"https:\/\/api.w.org\/{rel}","templated":true}]}}