{"id":26512,"date":"2023-11-03T23:20:25","date_gmt":"2023-11-03T22:20:25","guid":{"rendered":"http:\/\/innocentiemangonipiante.it\/acorus-gramineus-variegatus\/"},"modified":"2023-11-06T13:53:18","modified_gmt":"2023-11-06T12:53:18","slug":"acorus-gramineus-variegatus","status":"publish","type":"product","link":"https:\/\/innocentiemangonipiante.it\/fr\/acorus-gramineus-variegatus\/","title":{"rendered":"ACORUS gramineus &lsquo;Variegatus&rsquo;"},"content":{"rendered":"<p>Les feuilles sont longues jusqu\u2019\u00e0 30 cm. Ray\u00e9es de blanc-cr\u00e8me.<\/p>\n","protected":false},"excerpt":{"rendered":"<p>Les feuilles sont longues jusqu\u2019\u00e0 30 cm. Ray\u00e9es de blanc-cr\u00e8me.<\/p>\n","protected":false},"featured_media":20253,"template":"","meta":{"_acf_changed":false},"product_brand":[],"product_cat":[9788],"product_tag":[10897],"class_list":{"0":"post-26512","1":"product","2":"type-product","3":"status-publish","4":"has-post-thumbnail","6":"product_cat-graminees","7":"product_tag-naturelle","8":"pa_altezza-massima-0_15-metres","9":"pa_altezza-massima-0_40-metres","10":"pa_colore-delle-foglie-panachees","11":"pa_condizionamento-clt-fr","12":"pa_famiglia-araceae-fr","13":"pa_genere-acorus-fr","14":"pa_origine-asie-orientale","15":"pa_portamento-eretto-fr","16":"pa_resistenza-climatica-moyenne-elevee","17":"pa_utilizzo-balcons","18":"pa_utilizzo-bordures","19":"pa_utilizzo-interieur","20":"pa_utilizzo-petits-jardins","22":"first","23":"instock","24":"purchasable","25":"product-type-simple"},"acf":[],"_links":{"self":[{"href":"https:\/\/innocentiemangonipiante.it\/fr\/wp-json\/wp\/v2\/product\/26512","targetHints":{"allow":["GET"]}}],"collection":[{"href":"https:\/\/innocentiemangonipiante.it\/fr\/wp-json\/wp\/v2\/product"}],"about":[{"href":"https:\/\/innocentiemangonipiante.it\/fr\/wp-json\/wp\/v2\/types\/product"}],"wp:featuredmedia":[{"embeddable":true,"href":"https:\/\/innocentiemangonipiante.it\/fr\/wp-json\/wp\/v2\/media\/20253"}],"wp:attachment":[{"href":"https:\/\/innocentiemangonipiante.it\/fr\/wp-json\/wp\/v2\/media?parent=26512"}],"wp:term":[{"taxonomy":"product_brand","embeddable":true,"href":"https:\/\/innocentiemangonipiante.it\/fr\/wp-json\/wp\/v2\/product_brand?post=26512"},{"taxonomy":"product_cat","embeddable":true,"href":"https:\/\/innocentiemangonipiante.it\/fr\/wp-json\/wp\/v2\/product_cat?post=26512"},{"taxonomy":"product_tag","embeddable":true,"href":"https:\/\/innocentiemangonipiante.it\/fr\/wp-json\/wp\/v2\/product_tag?post=26512"}],"curies":[{"name":"wp","href":"https:\/\/api.w.org\/{rel}","templated":true}]}}