{"id":26515,"date":"2023-11-03T23:20:45","date_gmt":"2023-11-03T22:20:45","guid":{"rendered":"http:\/\/innocentiemangonipiante.it\/actinidia-chinensis-abbot\/"},"modified":"2023-11-06T13:53:25","modified_gmt":"2023-11-06T12:53:25","slug":"actinidia-chinensis-abbot","status":"publish","type":"product","link":"https:\/\/innocentiemangonipiante.it\/fr\/actinidia-chinensis-abbot\/","title":{"rendered":"ACTINIDIA chinensis &lsquo;Abbot&rsquo;"},"content":{"rendered":"<p>Vari\u00e9t\u00e9 f\u00e9minine, vigoureuse, floraison pr\u00e9coce suivie par abondants fruits de taille moyenne.<\/p>\n","protected":false},"excerpt":{"rendered":"<p>Vari\u00e9t\u00e9 f\u00e9minine, vigoureuse, floraison pr\u00e9coce suivie par abondants fruits de taille moyenne.<\/p>\n","protected":false},"featured_media":20271,"template":"","meta":{"_acf_changed":false},"product_brand":[],"product_cat":[8808],"product_tag":[10897],"class_list":{"0":"post-26515","1":"product","2":"type-product","3":"status-publish","4":"has-post-thumbnail","6":"product_cat-fruitiers","7":"product_tag-naturelle","8":"pa_altezza-massima-500-fr","9":"pa_altezza-massima-800-fr","10":"pa_colore-fioritura-blanc","11":"pa_condizionamento-clt-fr","12":"pa_famiglia-actinidiaceae-fr","13":"pa_genere-actinidia-fr","14":"pa_origine-nouvelle-zelande-fr","15":"pa_periodo-fioritura-juin","16":"pa_periodo-fioritura-mai","17":"pa_periodo-fruttificazione-octobre","18":"pa_periodo-fruttificazione-septembre","19":"pa_portamento-liane","20":"pa_resistenza-climatica-moyenne-elevee","21":"pa_utilizzo-petits-jardins","23":"first","24":"instock","25":"purchasable","26":"product-type-simple"},"acf":[],"_links":{"self":[{"href":"https:\/\/innocentiemangonipiante.it\/fr\/wp-json\/wp\/v2\/product\/26515","targetHints":{"allow":["GET"]}}],"collection":[{"href":"https:\/\/innocentiemangonipiante.it\/fr\/wp-json\/wp\/v2\/product"}],"about":[{"href":"https:\/\/innocentiemangonipiante.it\/fr\/wp-json\/wp\/v2\/types\/product"}],"wp:featuredmedia":[{"embeddable":true,"href":"https:\/\/innocentiemangonipiante.it\/fr\/wp-json\/wp\/v2\/media\/20271"}],"wp:attachment":[{"href":"https:\/\/innocentiemangonipiante.it\/fr\/wp-json\/wp\/v2\/media?parent=26515"}],"wp:term":[{"taxonomy":"product_brand","embeddable":true,"href":"https:\/\/innocentiemangonipiante.it\/fr\/wp-json\/wp\/v2\/product_brand?post=26515"},{"taxonomy":"product_cat","embeddable":true,"href":"https:\/\/innocentiemangonipiante.it\/fr\/wp-json\/wp\/v2\/product_cat?post=26515"},{"taxonomy":"product_tag","embeddable":true,"href":"https:\/\/innocentiemangonipiante.it\/fr\/wp-json\/wp\/v2\/product_tag?post=26515"}],"curies":[{"name":"wp","href":"https:\/\/api.w.org\/{rel}","templated":true}]}}