{"id":26516,"date":"2023-11-03T23:20:51","date_gmt":"2023-11-03T22:20:51","guid":{"rendered":"http:\/\/innocentiemangonipiante.it\/actinidia-chinensis-hayward\/"},"modified":"2023-11-06T13:53:27","modified_gmt":"2023-11-06T12:53:27","slug":"actinidia-chinensis-hayward","status":"publish","type":"product","link":"https:\/\/innocentiemangonipiante.it\/fr\/actinidia-chinensis-hayward\/","title":{"rendered":"ACTINIDIA chinensis &lsquo;Hayward&rsquo;"},"content":{"rendered":"<p>Vari\u00e9t\u00e9 f\u00e9minine qui produit gros fruits en grande quantit\u00e9.<\/p>\n","protected":false},"excerpt":{"rendered":"<p>Vari\u00e9t\u00e9 f\u00e9minine qui produit gros fruits en grande quantit\u00e9.<\/p>\n","protected":false},"featured_media":20277,"template":"","meta":{"_acf_changed":false},"product_brand":[],"product_cat":[8808],"product_tag":[10897,8432],"class_list":{"0":"post-26516","1":"product","2":"type-product","3":"status-publish","4":"has-post-thumbnail","6":"product_cat-fruitiers","7":"product_tag-naturelle","8":"product_tag-tige-plateau-dombrage","9":"pa_altezza-massima-500-fr","10":"pa_altezza-massima-800-fr","11":"pa_colore-fioritura-blanc","12":"pa_condizionamento-clt-fr","13":"pa_famiglia-actinidiaceae-fr","14":"pa_genere-actinidia-fr","15":"pa_origine-nouvelle-zelande-fr","16":"pa_periodo-fioritura-juin","17":"pa_periodo-fioritura-mai","18":"pa_periodo-fruttificazione-octobre","19":"pa_periodo-fruttificazione-septembre","20":"pa_portamento-liane","21":"pa_resistenza-climatica-moyenne-elevee","22":"pa_utilizzo-petits-jardins","24":"first","25":"instock","26":"purchasable","27":"product-type-simple"},"acf":[],"_links":{"self":[{"href":"https:\/\/innocentiemangonipiante.it\/fr\/wp-json\/wp\/v2\/product\/26516","targetHints":{"allow":["GET"]}}],"collection":[{"href":"https:\/\/innocentiemangonipiante.it\/fr\/wp-json\/wp\/v2\/product"}],"about":[{"href":"https:\/\/innocentiemangonipiante.it\/fr\/wp-json\/wp\/v2\/types\/product"}],"wp:featuredmedia":[{"embeddable":true,"href":"https:\/\/innocentiemangonipiante.it\/fr\/wp-json\/wp\/v2\/media\/20277"}],"wp:attachment":[{"href":"https:\/\/innocentiemangonipiante.it\/fr\/wp-json\/wp\/v2\/media?parent=26516"}],"wp:term":[{"taxonomy":"product_brand","embeddable":true,"href":"https:\/\/innocentiemangonipiante.it\/fr\/wp-json\/wp\/v2\/product_brand?post=26516"},{"taxonomy":"product_cat","embeddable":true,"href":"https:\/\/innocentiemangonipiante.it\/fr\/wp-json\/wp\/v2\/product_cat?post=26516"},{"taxonomy":"product_tag","embeddable":true,"href":"https:\/\/innocentiemangonipiante.it\/fr\/wp-json\/wp\/v2\/product_tag?post=26516"}],"curies":[{"name":"wp","href":"https:\/\/api.w.org\/{rel}","templated":true}]}}