{"id":26523,"date":"2023-11-03T23:22:19","date_gmt":"2023-11-03T22:22:19","guid":{"rendered":"http:\/\/innocentiemangonipiante.it\/agapanthus-popping-purple\/"},"modified":"2023-11-06T13:54:03","modified_gmt":"2023-11-06T12:54:03","slug":"agapanthus-popping-purple","status":"publish","type":"product","link":"https:\/\/innocentiemangonipiante.it\/fr\/agapanthus-popping-purple\/","title":{"rendered":"AGAPANTHUS &lsquo;Popping purple&rsquo;"},"content":{"rendered":"<p>Vari\u00e9t\u00e9 \u00e0 floraison violette intense.<\/p>\n","protected":false},"excerpt":{"rendered":"<p>Vari\u00e9t\u00e9 \u00e0 floraison violette intense.<\/p>\n","protected":false},"featured_media":33009,"template":"","meta":{"_acf_changed":false},"product_brand":[],"product_cat":[8828,9230],"product_tag":[10897],"class_list":{"0":"post-26523","1":"product","2":"type-product","3":"status-publish","4":"has-post-thumbnail","6":"product_cat-herbes-vivaces","7":"product_cat-arbres-et-plantes-du-futur","8":"product_tag-naturelle","9":"pa_altezza-massima-0_90-metres","10":"pa_altezza-massima-100-fr","11":"pa_colore-fioritura-violet-fr","12":"pa_famiglia-liliaceae-fr","13":"pa_genere-agapanthus-fr","14":"pa_origine-afrique-du-sud","15":"pa_periodo-fioritura-aout","16":"pa_periodo-fioritura-juillet","17":"pa_periodo-fioritura-juin","18":"pa_portamento-eretto-fr","19":"pa_resistenza-climatica-tres-elevee","20":"pa_resistenza-del-suolo-resistant-au-sol-humide","21":"pa_utilizzo-balcons","22":"pa_utilizzo-bordures","23":"pa_utilizzo-parcs","24":"pa_utilizzo-petits-jardins","26":"first","27":"instock","28":"purchasable","29":"product-type-simple"},"acf":[],"_links":{"self":[{"href":"https:\/\/innocentiemangonipiante.it\/fr\/wp-json\/wp\/v2\/product\/26523","targetHints":{"allow":["GET"]}}],"collection":[{"href":"https:\/\/innocentiemangonipiante.it\/fr\/wp-json\/wp\/v2\/product"}],"about":[{"href":"https:\/\/innocentiemangonipiante.it\/fr\/wp-json\/wp\/v2\/types\/product"}],"wp:featuredmedia":[{"embeddable":true,"href":"https:\/\/innocentiemangonipiante.it\/fr\/wp-json\/wp\/v2\/media\/33009"}],"wp:attachment":[{"href":"https:\/\/innocentiemangonipiante.it\/fr\/wp-json\/wp\/v2\/media?parent=26523"}],"wp:term":[{"taxonomy":"product_brand","embeddable":true,"href":"https:\/\/innocentiemangonipiante.it\/fr\/wp-json\/wp\/v2\/product_brand?post=26523"},{"taxonomy":"product_cat","embeddable":true,"href":"https:\/\/innocentiemangonipiante.it\/fr\/wp-json\/wp\/v2\/product_cat?post=26523"},{"taxonomy":"product_tag","embeddable":true,"href":"https:\/\/innocentiemangonipiante.it\/fr\/wp-json\/wp\/v2\/product_tag?post=26523"}],"curies":[{"name":"wp","href":"https:\/\/api.w.org\/{rel}","templated":true}]}}