{"id":26531,"date":"2023-11-03T23:24:17","date_gmt":"2023-11-03T22:24:17","guid":{"rendered":"http:\/\/innocentiemangonipiante.it\/agave-geminiflora\/"},"modified":"2023-11-06T13:54:50","modified_gmt":"2023-11-06T12:54:50","slug":"agave-geminiflora","status":"publish","type":"product","link":"https:\/\/innocentiemangonipiante.it\/fr\/agave-geminiflora\/","title":{"rendered":"AGAVE geminiflora"},"content":{"rendered":"<p>Agave geminiflora peut avoir 100 \u00e0 200 feuilles lin\u00e9aires, rigides, vert fonc\u00e9 et pr\u00e9sentant des bords convexes avec des lignes blanches corn\u00e9es et des fils enroul\u00e9s.<\/p>\n","protected":false},"excerpt":{"rendered":"<p>Agave geminiflora peut avoir 100 \u00e0 200 feuilles lin\u00e9aires, rigides, vert fonc\u00e9 et pr\u00e9sentant des bords convexes avec des lignes blanches corn\u00e9es et des fils enroul\u00e9s.<\/p>\n","protected":false},"featured_media":20337,"template":"","meta":{"_acf_changed":false},"product_brand":[],"product_cat":[8833,9230],"product_tag":[10897],"class_list":{"0":"post-26531","1":"product","2":"type-product","3":"status-publish","4":"has-post-thumbnail","6":"product_cat-palme-et-succulent","7":"product_cat-arbres-et-plantes-du-futur","8":"product_tag-naturelle","9":"pa_altezza-massima-0_50-metres","10":"pa_altezza-massima-0_80-metres","11":"pa_colore-delle-foglie-panachees","12":"pa_famiglia-agavaceae-fr","13":"pa_genere-agave-fr","14":"pa_origine-mexique","15":"pa_portamento-eretto-fr","16":"pa_resistenza-climatica-plantes-avec-une-faible-resistance-climatique","17":"pa_salinita-resistance-a-la-salinisation","18":"pa_utilizzo-balcons","19":"pa_utilizzo-petits-jardins","21":"first","22":"instock","23":"purchasable","24":"product-type-simple"},"acf":[],"_links":{"self":[{"href":"https:\/\/innocentiemangonipiante.it\/fr\/wp-json\/wp\/v2\/product\/26531","targetHints":{"allow":["GET"]}}],"collection":[{"href":"https:\/\/innocentiemangonipiante.it\/fr\/wp-json\/wp\/v2\/product"}],"about":[{"href":"https:\/\/innocentiemangonipiante.it\/fr\/wp-json\/wp\/v2\/types\/product"}],"wp:featuredmedia":[{"embeddable":true,"href":"https:\/\/innocentiemangonipiante.it\/fr\/wp-json\/wp\/v2\/media\/20337"}],"wp:attachment":[{"href":"https:\/\/innocentiemangonipiante.it\/fr\/wp-json\/wp\/v2\/media?parent=26531"}],"wp:term":[{"taxonomy":"product_brand","embeddable":true,"href":"https:\/\/innocentiemangonipiante.it\/fr\/wp-json\/wp\/v2\/product_brand?post=26531"},{"taxonomy":"product_cat","embeddable":true,"href":"https:\/\/innocentiemangonipiante.it\/fr\/wp-json\/wp\/v2\/product_cat?post=26531"},{"taxonomy":"product_tag","embeddable":true,"href":"https:\/\/innocentiemangonipiante.it\/fr\/wp-json\/wp\/v2\/product_tag?post=26531"}],"curies":[{"name":"wp","href":"https:\/\/api.w.org\/{rel}","templated":true}]}}