{"id":26536,"date":"2023-11-03T23:25:19","date_gmt":"2023-11-03T22:25:19","guid":{"rendered":"http:\/\/innocentiemangonipiante.it\/ajuga-reptans\/"},"modified":"2023-11-06T13:55:43","modified_gmt":"2023-11-06T12:55:43","slug":"ajuga-reptans","status":"publish","type":"product","link":"https:\/\/innocentiemangonipiante.it\/fr\/ajuga-reptans\/","title":{"rendered":"AJUGA reptans"},"content":{"rendered":"<p>Plante herbac\u00e9e vivace \u00e0 port rampant. Floraison estivale avec des \u00e9pis de 15 cm de haut sur lesquels s&rsquo;\u00e9panouissent de petites fleurs bleu violac\u00e9.<\/p>\n","protected":false},"excerpt":{"rendered":"<p>Plante herbac\u00e9e vivace \u00e0 port rampant. Floraison estivale avec des \u00e9pis de 15 cm de haut sur lesquels s&rsquo;\u00e9panouissent de petites fleurs bleu violac\u00e9.<\/p>\n","protected":false},"featured_media":20367,"template":"","meta":{"_acf_changed":false},"product_brand":[],"product_cat":[8828],"product_tag":[10897],"class_list":{"0":"post-26536","1":"product","2":"type-product","3":"status-publish","4":"has-post-thumbnail","6":"product_cat-herbes-vivaces","7":"product_tag-naturelle","8":"pa_altezza-massima-0_20-metres","9":"pa_altezza-massima-0_30-metres","10":"pa_colore-fioritura-bleu","11":"pa_condizionamento-clt-fr","12":"pa_famiglia-labiatae-lamiaceae-fr","13":"pa_genere-ajuga-fr","14":"pa_origine-asie","15":"pa_origine-europe-mediterraneenne","16":"pa_periodo-fioritura-aout","17":"pa_periodo-fioritura-juillet","18":"pa_periodo-fioritura-juin","19":"pa_portamento-strisciante-fr","20":"pa_resistenza-climatica-tres-elevee","21":"pa_resistenza-del-suolo-resistant-au-sol-humide","22":"pa_utilizzo-bordures","23":"pa_utilizzo-petits-jardins","25":"first","26":"instock","27":"purchasable","28":"product-type-simple"},"acf":[],"_links":{"self":[{"href":"https:\/\/innocentiemangonipiante.it\/fr\/wp-json\/wp\/v2\/product\/26536","targetHints":{"allow":["GET"]}}],"collection":[{"href":"https:\/\/innocentiemangonipiante.it\/fr\/wp-json\/wp\/v2\/product"}],"about":[{"href":"https:\/\/innocentiemangonipiante.it\/fr\/wp-json\/wp\/v2\/types\/product"}],"wp:featuredmedia":[{"embeddable":true,"href":"https:\/\/innocentiemangonipiante.it\/fr\/wp-json\/wp\/v2\/media\/20367"}],"wp:attachment":[{"href":"https:\/\/innocentiemangonipiante.it\/fr\/wp-json\/wp\/v2\/media?parent=26536"}],"wp:term":[{"taxonomy":"product_brand","embeddable":true,"href":"https:\/\/innocentiemangonipiante.it\/fr\/wp-json\/wp\/v2\/product_brand?post=26536"},{"taxonomy":"product_cat","embeddable":true,"href":"https:\/\/innocentiemangonipiante.it\/fr\/wp-json\/wp\/v2\/product_cat?post=26536"},{"taxonomy":"product_tag","embeddable":true,"href":"https:\/\/innocentiemangonipiante.it\/fr\/wp-json\/wp\/v2\/product_tag?post=26536"}],"curies":[{"name":"wp","href":"https:\/\/api.w.org\/{rel}","templated":true}]}}