{"id":26537,"date":"2023-11-03T23:25:25","date_gmt":"2023-11-03T22:25:25","guid":{"rendered":"http:\/\/innocentiemangonipiante.it\/ajuga-reptans-atropurpurea\/"},"modified":"2023-11-06T13:55:46","modified_gmt":"2023-11-06T12:55:46","slug":"ajuga-reptans-atropurpurea","status":"publish","type":"product","link":"https:\/\/innocentiemangonipiante.it\/fr\/ajuga-reptans-atropurpurea\/","title":{"rendered":"AJUGA reptans &lsquo;Atropurpurea&rsquo;"},"content":{"rendered":"<p>Couvre-sol vivace \u00e0 feuilles persistantes qui s&rsquo;\u00e9tend avec des stolons. Il fleurit au printemps avec des \u00e9pis de fleurs bleues bilocalis\u00e9es.<\/p>\n","protected":false},"excerpt":{"rendered":"<p>Couvre-sol vivace \u00e0 feuilles persistantes qui s&rsquo;\u00e9tend avec des stolons. Il fleurit au printemps avec des \u00e9pis de fleurs bleues bilocalis\u00e9es.<\/p>\n","protected":false},"featured_media":20373,"template":"","meta":{"_acf_changed":false},"product_brand":[],"product_cat":[8828],"product_tag":[10897],"class_list":{"0":"post-26537","1":"product","2":"type-product","3":"status-publish","4":"has-post-thumbnail","6":"product_cat-herbes-vivaces","7":"product_tag-naturelle","8":"pa_altezza-massima-0_15-metres","9":"pa_altezza-massima-0_20-metres","10":"pa_colore-fioritura-bleu","11":"pa_condizionamento-clt-fr","12":"pa_famiglia-labiatae-lamiaceae-fr","13":"pa_genere-ajuga-fr","14":"pa_origine-asie","15":"pa_origine-europe-mediterraneenne","16":"pa_periodo-fioritura-juin","17":"pa_periodo-fioritura-mai","18":"pa_portamento-strisciante-fr","19":"pa_resistenza-climatica-tres-elevee","20":"pa_resistenza-del-suolo-resistant-au-sol-humide","21":"pa_utilizzo-bordures","22":"pa_utilizzo-petits-jardins","24":"first","25":"instock","26":"purchasable","27":"product-type-simple"},"acf":[],"_links":{"self":[{"href":"https:\/\/innocentiemangonipiante.it\/fr\/wp-json\/wp\/v2\/product\/26537","targetHints":{"allow":["GET"]}}],"collection":[{"href":"https:\/\/innocentiemangonipiante.it\/fr\/wp-json\/wp\/v2\/product"}],"about":[{"href":"https:\/\/innocentiemangonipiante.it\/fr\/wp-json\/wp\/v2\/types\/product"}],"wp:featuredmedia":[{"embeddable":true,"href":"https:\/\/innocentiemangonipiante.it\/fr\/wp-json\/wp\/v2\/media\/20373"}],"wp:attachment":[{"href":"https:\/\/innocentiemangonipiante.it\/fr\/wp-json\/wp\/v2\/media?parent=26537"}],"wp:term":[{"taxonomy":"product_brand","embeddable":true,"href":"https:\/\/innocentiemangonipiante.it\/fr\/wp-json\/wp\/v2\/product_brand?post=26537"},{"taxonomy":"product_cat","embeddable":true,"href":"https:\/\/innocentiemangonipiante.it\/fr\/wp-json\/wp\/v2\/product_cat?post=26537"},{"taxonomy":"product_tag","embeddable":true,"href":"https:\/\/innocentiemangonipiante.it\/fr\/wp-json\/wp\/v2\/product_tag?post=26537"}],"curies":[{"name":"wp","href":"https:\/\/api.w.org\/{rel}","templated":true}]}}