{"id":26543,"date":"2023-11-03T23:26:32","date_gmt":"2023-11-03T22:26:32","guid":{"rendered":"http:\/\/innocentiemangonipiante.it\/allium-giganteum\/"},"modified":"2023-11-06T13:56:16","modified_gmt":"2023-11-06T12:56:16","slug":"allium-giganteum","status":"publish","type":"product","link":"https:\/\/innocentiemangonipiante.it\/fr\/allium-giganteum\/","title":{"rendered":"ALLIUM giganteum"},"content":{"rendered":"<p>Plante bulbeuse vivace aux feuilles caduques vertes, avec des stries tendant vers le bleu-gris. A la fin du printemps, riche inflorescence compos\u00e9e d&rsquo;environ 100 fleurs. Celui-ci prend une forme circulaire caract\u00e9ristique et voyante d&rsquo;un diam\u00e8tre de 15 \u00e0 20 cm et est d&rsquo;une belle couleur violette.<\/p>\n","protected":false},"excerpt":{"rendered":"<p>Plante bulbeuse vivace aux feuilles caduques vertes, avec des stries tendant vers le bleu-gris. A la fin du printemps, riche inflorescence compos\u00e9e d&rsquo;environ 100 fleurs. Celui-ci prend une forme circulaire caract\u00e9ristique et voyante d&rsquo;un diam\u00e8tre de 15 \u00e0 20 cm et est d&rsquo;une belle couleur violette.<\/p>\n","protected":false},"featured_media":20394,"template":"","meta":{"_acf_changed":false},"product_brand":[],"product_cat":[8317],"product_tag":[10897],"class_list":{"0":"post-26543","1":"product","2":"type-product","3":"status-publish","4":"has-post-thumbnail","6":"product_cat-sans-categorie","7":"product_tag-naturelle","8":"pa_altezza-massima-100-fr","9":"pa_altezza-massima-150-fr","10":"pa_colore-fioritura-violet-fr","11":"pa_condizionamento-clt-fr","12":"pa_famiglia-liliaceae-alliaceae-fr","13":"pa_genere-allium-fr","14":"pa_origine-asie","15":"pa_periodo-fioritura-juin","16":"pa_periodo-fioritura-mai","17":"pa_portamento-de-colonne","18":"pa_resistenza-climatica-tres-elevee","19":"pa_resistenza-del-suolo-resistant-aux-sols-calcaires","20":"pa_utilizzo-bordures","21":"pa_utilizzo-petits-jardins","23":"first","24":"instock","25":"purchasable","26":"product-type-simple"},"acf":[],"_links":{"self":[{"href":"https:\/\/innocentiemangonipiante.it\/fr\/wp-json\/wp\/v2\/product\/26543","targetHints":{"allow":["GET"]}}],"collection":[{"href":"https:\/\/innocentiemangonipiante.it\/fr\/wp-json\/wp\/v2\/product"}],"about":[{"href":"https:\/\/innocentiemangonipiante.it\/fr\/wp-json\/wp\/v2\/types\/product"}],"wp:featuredmedia":[{"embeddable":true,"href":"https:\/\/innocentiemangonipiante.it\/fr\/wp-json\/wp\/v2\/media\/20394"}],"wp:attachment":[{"href":"https:\/\/innocentiemangonipiante.it\/fr\/wp-json\/wp\/v2\/media?parent=26543"}],"wp:term":[{"taxonomy":"product_brand","embeddable":true,"href":"https:\/\/innocentiemangonipiante.it\/fr\/wp-json\/wp\/v2\/product_brand?post=26543"},{"taxonomy":"product_cat","embeddable":true,"href":"https:\/\/innocentiemangonipiante.it\/fr\/wp-json\/wp\/v2\/product_cat?post=26543"},{"taxonomy":"product_tag","embeddable":true,"href":"https:\/\/innocentiemangonipiante.it\/fr\/wp-json\/wp\/v2\/product_tag?post=26543"}],"curies":[{"name":"wp","href":"https:\/\/api.w.org\/{rel}","templated":true}]}}