{"id":26549,"date":"2023-11-03T23:28:01","date_gmt":"2023-11-03T22:28:01","guid":{"rendered":"http:\/\/innocentiemangonipiante.it\/amelanchier-lamarckii\/"},"modified":"2023-11-06T13:56:55","modified_gmt":"2023-11-06T12:56:55","slug":"amelanchier-lamarckii","status":"publish","type":"product","link":"https:\/\/innocentiemangonipiante.it\/fr\/amelanchier-lamarckii\/","title":{"rendered":"AMELANCHIER lamarckii"},"content":{"rendered":"<p>Arbre caduc au port \u00e9rig\u00e9. Feuilles vert-bronz\u00e9es allant jusqu\u2019\u00e0 8 cm de longueur qui deviennent vert sombre puis oranges et rouges en automne. Il donne des fleurs blanches aux p\u00e9tales oblongs et lanc\u00e9ol\u00e9s en avril-mai. Arbre exceptionnellement rustique, r\u00e9siste au vent, et \u00e0 la pollution de l\u2019\u00e9nvironnement urbain.<\/p>\n","protected":false},"excerpt":{"rendered":"<p>Arbre caduc au port \u00e9rig\u00e9. Feuilles vert-bronz\u00e9es allant jusqu\u2019\u00e0 8 cm de longueur qui deviennent vert sombre puis oranges et rouges en automne. Il donne des fleurs blanches aux p\u00e9tales oblongs et lanc\u00e9ol\u00e9s en avril-mai. Arbre exceptionnellement rustique, r\u00e9siste au vent, et \u00e0 la pollution de l\u2019\u00e9nvironnement urbain.<\/p>\n","protected":false},"featured_media":33315,"template":"","meta":{"_acf_changed":false},"product_brand":[],"product_cat":[8812,9230],"product_tag":[10897,8596,8497,8400],"class_list":{"0":"post-26549","1":"product","2":"type-product","3":"status-publish","4":"has-post-thumbnail","6":"product_cat-arbres-et-arbustes-a-feuilles-caduques","7":"product_cat-arbres-et-plantes-du-futur","8":"product_tag-naturelle","9":"product_tag-cepee","10":"product_tag-cepee-remontee","11":"product_tag-tige","12":"pa_altezza-massima-500-fr","13":"pa_altezza-massima-800-fr","14":"pa_colore-fioritura-blanc","15":"pa_condizionamento-clt-fr","16":"pa_condizionamento-motte","17":"pa_famiglia-rosaceae-fr","18":"pa_genere-amelanchier-fr","19":"pa_inquinamento-resistance-a-la-pollution","20":"pa_origine-origine-delle-piante-u-s-a","21":"pa_periodo-fioritura-avril","22":"pa_periodo-fioritura-mai","23":"pa_portamento-eretto-fr","24":"pa_resistenza-climatica-tres-elevee","25":"pa_resistenza-del-suolo-resistant-au-sol-humide","26":"pa_resistenza-del-suolo-resistant-aux-sols-secs","27":"pa_salinita-resistance-a-la-salinisation","28":"pa_utilizzo-petits-jardins","30":"first","31":"instock","32":"purchasable","33":"product-type-simple"},"acf":[],"_links":{"self":[{"href":"https:\/\/innocentiemangonipiante.it\/fr\/wp-json\/wp\/v2\/product\/26549","targetHints":{"allow":["GET"]}}],"collection":[{"href":"https:\/\/innocentiemangonipiante.it\/fr\/wp-json\/wp\/v2\/product"}],"about":[{"href":"https:\/\/innocentiemangonipiante.it\/fr\/wp-json\/wp\/v2\/types\/product"}],"wp:featuredmedia":[{"embeddable":true,"href":"https:\/\/innocentiemangonipiante.it\/fr\/wp-json\/wp\/v2\/media\/33315"}],"wp:attachment":[{"href":"https:\/\/innocentiemangonipiante.it\/fr\/wp-json\/wp\/v2\/media?parent=26549"}],"wp:term":[{"taxonomy":"product_brand","embeddable":true,"href":"https:\/\/innocentiemangonipiante.it\/fr\/wp-json\/wp\/v2\/product_brand?post=26549"},{"taxonomy":"product_cat","embeddable":true,"href":"https:\/\/innocentiemangonipiante.it\/fr\/wp-json\/wp\/v2\/product_cat?post=26549"},{"taxonomy":"product_tag","embeddable":true,"href":"https:\/\/innocentiemangonipiante.it\/fr\/wp-json\/wp\/v2\/product_tag?post=26549"}],"curies":[{"name":"wp","href":"https:\/\/api.w.org\/{rel}","templated":true}]}}