{"id":26556,"date":"2023-11-03T23:28:54","date_gmt":"2023-11-03T22:28:54","guid":{"rendered":"http:\/\/innocentiemangonipiante.it\/amygdalus-vulgaris-nano\/"},"modified":"2023-11-06T13:57:20","modified_gmt":"2023-11-06T12:57:20","slug":"amygdalus-vulgaris-nano","status":"publish","type":"product","link":"https:\/\/innocentiemangonipiante.it\/fr\/amygdalus-vulgaris-nano\/","title":{"rendered":"AMYGDALUS vulgaris nano"},"content":{"rendered":"<p>Vari\u00e9t\u00e9 naine \u00e0 coque molle, qui fructifie r\u00e9guli\u00e8rement et produit de belles fleurs. Il peut vivre en pot.<\/p>\n","protected":false},"excerpt":{"rendered":"<p>Vari\u00e9t\u00e9 naine \u00e0 coque molle, qui fructifie r\u00e9guli\u00e8rement et produit de belles fleurs. Il peut vivre en pot.<\/p>\n","protected":false},"featured_media":20437,"template":"","meta":{"_acf_changed":false},"product_brand":[],"product_cat":[8317],"product_tag":[10897,8735],"class_list":{"0":"post-26556","1":"product","2":"type-product","3":"status-publish","4":"has-post-thumbnail","6":"product_cat-sans-categorie","7":"product_tag-naturelle","8":"product_tag-quart-de-tige","9":"pa_altezza-massima-200-fr","10":"pa_altezza-massima-400-fr","11":"pa_arte-topiaria-disponible-plante-en-forme","12":"pa_colore-fioritura-rose","13":"pa_condizionamento-pot-carre","14":"pa_famiglia-rosaceae-fr","15":"pa_genere-amygdalus-fr","16":"pa_origine-europe-fr","17":"pa_periodo-fioritura-fevrier","18":"pa_periodo-fioritura-mars","19":"pa_periodo-fruttificazione-septembre","20":"pa_portamento-arrondi","21":"pa_profumo-delicat","22":"pa_resistenza-climatica-tres-elevee","23":"pa_utilizzo-balcons","24":"pa_utilizzo-parcs","25":"pa_utilizzo-petits-jardins","27":"first","28":"instock","29":"purchasable","30":"product-type-simple"},"acf":[],"_links":{"self":[{"href":"https:\/\/innocentiemangonipiante.it\/fr\/wp-json\/wp\/v2\/product\/26556","targetHints":{"allow":["GET"]}}],"collection":[{"href":"https:\/\/innocentiemangonipiante.it\/fr\/wp-json\/wp\/v2\/product"}],"about":[{"href":"https:\/\/innocentiemangonipiante.it\/fr\/wp-json\/wp\/v2\/types\/product"}],"wp:featuredmedia":[{"embeddable":true,"href":"https:\/\/innocentiemangonipiante.it\/fr\/wp-json\/wp\/v2\/media\/20437"}],"wp:attachment":[{"href":"https:\/\/innocentiemangonipiante.it\/fr\/wp-json\/wp\/v2\/media?parent=26556"}],"wp:term":[{"taxonomy":"product_brand","embeddable":true,"href":"https:\/\/innocentiemangonipiante.it\/fr\/wp-json\/wp\/v2\/product_brand?post=26556"},{"taxonomy":"product_cat","embeddable":true,"href":"https:\/\/innocentiemangonipiante.it\/fr\/wp-json\/wp\/v2\/product_cat?post=26556"},{"taxonomy":"product_tag","embeddable":true,"href":"https:\/\/innocentiemangonipiante.it\/fr\/wp-json\/wp\/v2\/product_tag?post=26556"}],"curies":[{"name":"wp","href":"https:\/\/api.w.org\/{rel}","templated":true}]}}