{"id":26558,"date":"2023-11-03T23:29:07","date_gmt":"2023-11-03T22:29:07","guid":{"rendered":"http:\/\/innocentiemangonipiante.it\/anemone-hybrida-loreley\/"},"modified":"2023-11-06T13:57:26","modified_gmt":"2023-11-06T12:57:26","slug":"anemone-hybrida-loreley","status":"publish","type":"product","link":"https:\/\/innocentiemangonipiante.it\/fr\/anemone-hybrida-loreley\/","title":{"rendered":"ANEMONE hybrida &lsquo;Loreley&rsquo;"},"content":{"rendered":"<p>Plante herbac\u00e9e vivace dress\u00e9e. Feuilles vert fonc\u00e9, floraison rose au printemps.<\/p>\n","protected":false},"excerpt":{"rendered":"<p>Plante herbac\u00e9e vivace dress\u00e9e. Feuilles vert fonc\u00e9, floraison rose au printemps.<\/p>\n","protected":false},"featured_media":20449,"template":"","meta":{"_acf_changed":false},"product_brand":[],"product_cat":[8828],"product_tag":[10897],"class_list":{"0":"post-26558","1":"product","2":"type-product","3":"status-publish","4":"has-post-thumbnail","6":"product_cat-herbes-vivaces","7":"product_tag-naturelle","8":"pa_altezza-massima-0_60-metres","9":"pa_altezza-massima-100-fr","10":"pa_colore-fioritura-rose","11":"pa_condizionamento-clt-fr","12":"pa_famiglia-ranunculaceae-fr","13":"pa_genere-anemone-fr","14":"pa_origine-japon","15":"pa_periodo-fioritura-aout","16":"pa_periodo-fioritura-octobre","17":"pa_periodo-fioritura-septembre","18":"pa_portamento-eretto-fr","19":"pa_resistenza-climatica-tres-elevee","20":"pa_resistenza-del-suolo-resistant-aux-sols-calcaires","21":"pa_utilizzo-bordures","22":"pa_utilizzo-petits-jardins","24":"first","25":"instock","26":"purchasable","27":"product-type-simple"},"acf":[],"_links":{"self":[{"href":"https:\/\/innocentiemangonipiante.it\/fr\/wp-json\/wp\/v2\/product\/26558","targetHints":{"allow":["GET"]}}],"collection":[{"href":"https:\/\/innocentiemangonipiante.it\/fr\/wp-json\/wp\/v2\/product"}],"about":[{"href":"https:\/\/innocentiemangonipiante.it\/fr\/wp-json\/wp\/v2\/types\/product"}],"wp:featuredmedia":[{"embeddable":true,"href":"https:\/\/innocentiemangonipiante.it\/fr\/wp-json\/wp\/v2\/media\/20449"}],"wp:attachment":[{"href":"https:\/\/innocentiemangonipiante.it\/fr\/wp-json\/wp\/v2\/media?parent=26558"}],"wp:term":[{"taxonomy":"product_brand","embeddable":true,"href":"https:\/\/innocentiemangonipiante.it\/fr\/wp-json\/wp\/v2\/product_brand?post=26558"},{"taxonomy":"product_cat","embeddable":true,"href":"https:\/\/innocentiemangonipiante.it\/fr\/wp-json\/wp\/v2\/product_cat?post=26558"},{"taxonomy":"product_tag","embeddable":true,"href":"https:\/\/innocentiemangonipiante.it\/fr\/wp-json\/wp\/v2\/product_tag?post=26558"}],"curies":[{"name":"wp","href":"https:\/\/api.w.org\/{rel}","templated":true}]}}