{"id":26560,"date":"2023-11-03T23:29:21","date_gmt":"2023-11-03T22:29:21","guid":{"rendered":"http:\/\/innocentiemangonipiante.it\/aquilegia-red-hobbit\/"},"modified":"2023-11-06T13:57:31","modified_gmt":"2023-11-06T12:57:31","slug":"aquilegia-red-hobbit","status":"publish","type":"product","link":"https:\/\/innocentiemangonipiante.it\/fr\/aquilegia-red-hobbit\/","title":{"rendered":"AQUILEGIA &lsquo;Red Hobbit&rsquo;"},"content":{"rendered":"<p>Plante vivace au feuillage vert fonc\u00e9. Les fleurs sont rouges avec une corolle blanche et s&rsquo;ouvrent entre le printemps et l&rsquo;\u00e9t\u00e9.<\/p>\n","protected":false},"excerpt":{"rendered":"<p>Plante vivace au feuillage vert fonc\u00e9. Les fleurs sont rouges avec une corolle blanche et s&rsquo;ouvrent entre le printemps et l&rsquo;\u00e9t\u00e9.<\/p>\n","protected":false},"featured_media":20461,"template":"","meta":{"_acf_changed":false},"product_brand":[],"product_cat":[8828],"product_tag":[10897],"class_list":{"0":"post-26560","1":"product","2":"type-product","3":"status-publish","4":"has-post-thumbnail","6":"product_cat-herbes-vivaces","7":"product_tag-naturelle","8":"pa_altezza-massima-0_30-metres","9":"pa_altezza-massima-0_40-metres","10":"pa_colore-fioritura-rouge","11":"pa_condizionamento-clt-fr","12":"pa_famiglia-ranunculaceae-fr","13":"pa_genere-aquilegia-fr","14":"pa_origine-asie-orientale","15":"pa_periodo-fioritura-juin","16":"pa_periodo-fioritura-mai","17":"pa_portamento-eretto-fr","18":"pa_resistenza-climatica-tres-elevee","19":"pa_resistenza-del-suolo-resistant-au-sol-humide","20":"pa_resistenza-del-suolo-resistant-aux-sols-calcaires","21":"pa_utilizzo-bordures","22":"pa_utilizzo-petits-jardins","24":"first","25":"instock","26":"purchasable","27":"product-type-simple"},"acf":[],"_links":{"self":[{"href":"https:\/\/innocentiemangonipiante.it\/fr\/wp-json\/wp\/v2\/product\/26560","targetHints":{"allow":["GET"]}}],"collection":[{"href":"https:\/\/innocentiemangonipiante.it\/fr\/wp-json\/wp\/v2\/product"}],"about":[{"href":"https:\/\/innocentiemangonipiante.it\/fr\/wp-json\/wp\/v2\/types\/product"}],"wp:featuredmedia":[{"embeddable":true,"href":"https:\/\/innocentiemangonipiante.it\/fr\/wp-json\/wp\/v2\/media\/20461"}],"wp:attachment":[{"href":"https:\/\/innocentiemangonipiante.it\/fr\/wp-json\/wp\/v2\/media?parent=26560"}],"wp:term":[{"taxonomy":"product_brand","embeddable":true,"href":"https:\/\/innocentiemangonipiante.it\/fr\/wp-json\/wp\/v2\/product_brand?post=26560"},{"taxonomy":"product_cat","embeddable":true,"href":"https:\/\/innocentiemangonipiante.it\/fr\/wp-json\/wp\/v2\/product_cat?post=26560"},{"taxonomy":"product_tag","embeddable":true,"href":"https:\/\/innocentiemangonipiante.it\/fr\/wp-json\/wp\/v2\/product_tag?post=26560"}],"curies":[{"name":"wp","href":"https:\/\/api.w.org\/{rel}","templated":true}]}}