{"id":26562,"date":"2023-11-03T23:29:33","date_gmt":"2023-11-03T22:29:33","guid":{"rendered":"http:\/\/innocentiemangonipiante.it\/aquilegia-canadensis\/"},"modified":"2023-11-06T13:57:36","modified_gmt":"2023-11-06T12:57:36","slug":"aquilegia-canadensis","status":"publish","type":"product","link":"https:\/\/innocentiemangonipiante.it\/fr\/aquilegia-canadensis\/","title":{"rendered":"AQUILEGIA canadensis"},"content":{"rendered":"<p>Vivace rustique. Au d\u00e9but de l&rsquo;\u00e9t\u00e9, il produit des fleurs en forme de cloche avec des s\u00e9pales jaunes et des \u00e9perons rouges, sur des tiges qui se d\u00e9tachent sur des feuilles vert fonc\u00e9 ressemblant \u00e0 des foug\u00e8res.<\/p>\n","protected":false},"excerpt":{"rendered":"<p>Vivace rustique. Au d\u00e9but de l&rsquo;\u00e9t\u00e9, il produit des fleurs en forme de cloche avec des s\u00e9pales jaunes et des \u00e9perons rouges, sur des tiges qui se d\u00e9tachent sur des feuilles vert fonc\u00e9 ressemblant \u00e0 des foug\u00e8res.<\/p>\n","protected":false},"featured_media":20473,"template":"","meta":{"_acf_changed":false},"product_brand":[],"product_cat":[8828],"product_tag":[10897],"class_list":{"0":"post-26562","1":"product","2":"type-product","3":"status-publish","4":"has-post-thumbnail","6":"product_cat-herbes-vivaces","7":"product_tag-naturelle","8":"pa_altezza-massima-0_50-metres","9":"pa_altezza-massima-0_60-metres","10":"pa_condizionamento-clt-fr","11":"pa_famiglia-ranunculaceae-fr","12":"pa_genere-aquilegia-fr","13":"pa_origine-europe-fr","14":"pa_periodo-fioritura-avril","15":"pa_periodo-fioritura-juin","16":"pa_periodo-fioritura-mai","17":"pa_portamento-eretto-fr","18":"pa_resistenza-climatica-tres-elevee","19":"pa_resistenza-del-suolo-resistant-aux-sols-calcaires","20":"pa_utilizzo-bordures","21":"pa_utilizzo-petits-jardins","23":"first","24":"instock","25":"purchasable","26":"product-type-simple"},"acf":[],"_links":{"self":[{"href":"https:\/\/innocentiemangonipiante.it\/fr\/wp-json\/wp\/v2\/product\/26562","targetHints":{"allow":["GET"]}}],"collection":[{"href":"https:\/\/innocentiemangonipiante.it\/fr\/wp-json\/wp\/v2\/product"}],"about":[{"href":"https:\/\/innocentiemangonipiante.it\/fr\/wp-json\/wp\/v2\/types\/product"}],"wp:featuredmedia":[{"embeddable":true,"href":"https:\/\/innocentiemangonipiante.it\/fr\/wp-json\/wp\/v2\/media\/20473"}],"wp:attachment":[{"href":"https:\/\/innocentiemangonipiante.it\/fr\/wp-json\/wp\/v2\/media?parent=26562"}],"wp:term":[{"taxonomy":"product_brand","embeddable":true,"href":"https:\/\/innocentiemangonipiante.it\/fr\/wp-json\/wp\/v2\/product_brand?post=26562"},{"taxonomy":"product_cat","embeddable":true,"href":"https:\/\/innocentiemangonipiante.it\/fr\/wp-json\/wp\/v2\/product_cat?post=26562"},{"taxonomy":"product_tag","embeddable":true,"href":"https:\/\/innocentiemangonipiante.it\/fr\/wp-json\/wp\/v2\/product_tag?post=26562"}],"curies":[{"name":"wp","href":"https:\/\/api.w.org\/{rel}","templated":true}]}}