{"id":26563,"date":"2023-11-03T23:29:39","date_gmt":"2023-11-03T22:29:39","guid":{"rendered":"http:\/\/innocentiemangonipiante.it\/aralia-elata\/"},"modified":"2023-11-06T13:57:38","modified_gmt":"2023-11-06T12:57:38","slug":"aralia-elata","status":"publish","type":"product","link":"https:\/\/innocentiemangonipiante.it\/fr\/aralia-elata\/","title":{"rendered":"ARALIA elata"},"content":{"rendered":"<p>Arbre \u00e0 feuilles caduques ou arbuste suffruticeux aux tiges clairsem\u00e9es, raides et \u00e9pineuses. Grandes feuilles vert fonc\u00e9 avec des folioles ovales appari\u00e9es. \u00c0 la fin de l&rsquo;\u00e9t\u00e9 ou en automne, il produit des capitules gonfl\u00e9s de minuscules fleurs blanches, qui forment une grande panicule.<\/p>\n","protected":false},"excerpt":{"rendered":"<p>Arbre \u00e0 feuilles caduques ou arbuste suffruticeux aux tiges clairsem\u00e9es, raides et \u00e9pineuses. Grandes feuilles vert fonc\u00e9 avec des folioles ovales appari\u00e9es. \u00c0 la fin de l&rsquo;\u00e9t\u00e9 ou en automne, il produit des capitules gonfl\u00e9s de minuscules fleurs blanches, qui forment une grande panicule.<\/p>\n","protected":false},"featured_media":20479,"template":"","meta":{"_acf_changed":false},"product_brand":[],"product_cat":[8817],"product_tag":[10897],"class_list":{"0":"post-26563","1":"product","2":"type-product","3":"status-publish","4":"has-post-thumbnail","6":"product_cat-arbres-et-arbustes-persistants","7":"product_tag-naturelle","8":"pa_altezza-massima-1000-fr-2","9":"pa_colore-fioritura-blanc","10":"pa_famiglia-araliaceae-fr","11":"pa_genere-aralia-fr","12":"pa_origine-russia-fr","13":"pa_periodo-fioritura-aout","14":"pa_periodo-fioritura-septembre","15":"pa_portamento-piramidale-fr","16":"pa_resistenza-climatica-tres-elevee","17":"pa_resistenza-del-suolo-resistant-aux-sols-calcaires","18":"pa_utilizzo-parcs","19":"pa_utilizzo-petits-jardins","21":"first","22":"instock","23":"purchasable","24":"product-type-simple"},"acf":[],"_links":{"self":[{"href":"https:\/\/innocentiemangonipiante.it\/fr\/wp-json\/wp\/v2\/product\/26563","targetHints":{"allow":["GET"]}}],"collection":[{"href":"https:\/\/innocentiemangonipiante.it\/fr\/wp-json\/wp\/v2\/product"}],"about":[{"href":"https:\/\/innocentiemangonipiante.it\/fr\/wp-json\/wp\/v2\/types\/product"}],"wp:featuredmedia":[{"embeddable":true,"href":"https:\/\/innocentiemangonipiante.it\/fr\/wp-json\/wp\/v2\/media\/20479"}],"wp:attachment":[{"href":"https:\/\/innocentiemangonipiante.it\/fr\/wp-json\/wp\/v2\/media?parent=26563"}],"wp:term":[{"taxonomy":"product_brand","embeddable":true,"href":"https:\/\/innocentiemangonipiante.it\/fr\/wp-json\/wp\/v2\/product_brand?post=26563"},{"taxonomy":"product_cat","embeddable":true,"href":"https:\/\/innocentiemangonipiante.it\/fr\/wp-json\/wp\/v2\/product_cat?post=26563"},{"taxonomy":"product_tag","embeddable":true,"href":"https:\/\/innocentiemangonipiante.it\/fr\/wp-json\/wp\/v2\/product_tag?post=26563"}],"curies":[{"name":"wp","href":"https:\/\/api.w.org\/{rel}","templated":true}]}}