{"id":26566,"date":"2023-11-03T23:30:22","date_gmt":"2023-11-03T22:30:22","guid":{"rendered":"http:\/\/innocentiemangonipiante.it\/arbutus-unedo-rubra\/"},"modified":"2023-11-06T13:58:39","modified_gmt":"2023-11-06T12:58:39","slug":"arbutus-unedo-rubra","status":"publish","type":"product","link":"https:\/\/innocentiemangonipiante.it\/fr\/arbutus-unedo-rubra\/","title":{"rendered":"ARBUTUS unedo &lsquo;Rubra&rsquo;"},"content":{"rendered":"<p>Croissance plus lente de A. unedo. La fleur est blanc-ros\u00e9-violac\u00e9 en octobrenovembre. Les fruits sont rouge fonc\u00e9. La nouvelle pousse rouge\u00e2tre.<\/p>\n","protected":false},"excerpt":{"rendered":"<p>Croissance plus lente de A. unedo. La fleur est blanc-ros\u00e9-violac\u00e9 en octobrenovembre. Les fruits sont rouge fonc\u00e9. La nouvelle pousse rouge\u00e2tre.<\/p>\n","protected":false},"featured_media":20497,"template":"","meta":{"_acf_changed":false},"product_brand":[],"product_cat":[8817],"product_tag":[10897],"class_list":{"0":"post-26566","1":"product","2":"type-product","3":"status-publish","4":"has-post-thumbnail","6":"product_cat-arbres-et-arbustes-persistants","7":"product_tag-naturelle","8":"pa_altezza-massima-300-fr-2","9":"pa_altezza-massima-500-fr","10":"pa_colore-delle-foglie-rouge","11":"pa_colore-fioritura-blanc","12":"pa_famiglia-ericaceae-fr","13":"pa_genere-arbutus-fr","14":"pa_origine-alps-fr","15":"pa_periodo-fioritura-novembre-fr","16":"pa_periodo-fioritura-octobre","17":"pa_periodo-fruttificazione-novembre-fr","18":"pa_portamento-arrondi","19":"pa_resistenza-climatica-moyenne-elevee","20":"pa_resistenza-del-suolo-resistant-aux-sols-calcaires","21":"pa_resistenza-del-suolo-resistant-aux-sols-secs","22":"pa_salinita-resistance-a-la-salinisation","23":"pa_utilizzo-parcs","24":"pa_utilizzo-petits-jardins","26":"first","27":"instock","28":"purchasable","29":"product-type-simple"},"acf":[],"_links":{"self":[{"href":"https:\/\/innocentiemangonipiante.it\/fr\/wp-json\/wp\/v2\/product\/26566","targetHints":{"allow":["GET"]}}],"collection":[{"href":"https:\/\/innocentiemangonipiante.it\/fr\/wp-json\/wp\/v2\/product"}],"about":[{"href":"https:\/\/innocentiemangonipiante.it\/fr\/wp-json\/wp\/v2\/types\/product"}],"wp:featuredmedia":[{"embeddable":true,"href":"https:\/\/innocentiemangonipiante.it\/fr\/wp-json\/wp\/v2\/media\/20497"}],"wp:attachment":[{"href":"https:\/\/innocentiemangonipiante.it\/fr\/wp-json\/wp\/v2\/media?parent=26566"}],"wp:term":[{"taxonomy":"product_brand","embeddable":true,"href":"https:\/\/innocentiemangonipiante.it\/fr\/wp-json\/wp\/v2\/product_brand?post=26566"},{"taxonomy":"product_cat","embeddable":true,"href":"https:\/\/innocentiemangonipiante.it\/fr\/wp-json\/wp\/v2\/product_cat?post=26566"},{"taxonomy":"product_tag","embeddable":true,"href":"https:\/\/innocentiemangonipiante.it\/fr\/wp-json\/wp\/v2\/product_tag?post=26566"}],"curies":[{"name":"wp","href":"https:\/\/api.w.org\/{rel}","templated":true}]}}