{"id":26567,"date":"2023-11-03T23:30:34","date_gmt":"2023-11-03T22:30:34","guid":{"rendered":"http:\/\/innocentiemangonipiante.it\/arecastrum-romanzoffiano\/"},"modified":"2023-11-06T13:58:44","modified_gmt":"2023-11-06T12:58:44","slug":"arecastrum-romanzoffiano","status":"publish","type":"product","link":"https:\/\/innocentiemangonipiante.it\/fr\/arecastrum-romanzoffiano\/","title":{"rendered":"ARECASTRUM romanzoffiano"},"content":{"rendered":"<p>Palmier persistant avec une tige fine et des feuilles penn\u00e9es et arqu\u00e9es vert fonc\u00e9 tr\u00e8s allong\u00e9es. En \u00e9t\u00e9, il produit une panicule d&rsquo;inflorescences jaunes atteignant 2 m\u00e8tres de long.<\/p>\n","protected":false},"excerpt":{"rendered":"<p>Palmier persistant avec une tige fine et des feuilles penn\u00e9es et arqu\u00e9es vert fonc\u00e9 tr\u00e8s allong\u00e9es. En \u00e9t\u00e9, il produit une panicule d&rsquo;inflorescences jaunes atteignant 2 m\u00e8tres de long.<\/p>\n","protected":false},"featured_media":0,"template":"","meta":{"_acf_changed":false},"product_brand":[],"product_cat":[8833],"product_tag":[10897],"class_list":{"0":"post-26567","1":"product","2":"type-product","3":"status-publish","5":"product_cat-palme-et-succulent","6":"product_tag-naturelle","7":"pa_altezza-massima-1000-fr-2","8":"pa_altezza-massima-12-metres","9":"pa_colore-fioritura-jaune","10":"pa_famiglia-palmae-fr","11":"pa_genere-arecastrum-fr","12":"pa_origine-bresil","13":"pa_periodo-fioritura-aout","14":"pa_periodo-fioritura-juillet","15":"pa_portamento-eretto-fr","16":"pa_resistenza-climatica-plantes-avec-une-faible-resistance-climatique","17":"pa_resistenza-del-suolo-resistant-aux-sols-secs","18":"pa_utilizzo-parcs","20":"first","21":"instock","22":"purchasable","23":"product-type-simple"},"acf":[],"_links":{"self":[{"href":"https:\/\/innocentiemangonipiante.it\/fr\/wp-json\/wp\/v2\/product\/26567","targetHints":{"allow":["GET"]}}],"collection":[{"href":"https:\/\/innocentiemangonipiante.it\/fr\/wp-json\/wp\/v2\/product"}],"about":[{"href":"https:\/\/innocentiemangonipiante.it\/fr\/wp-json\/wp\/v2\/types\/product"}],"wp:attachment":[{"href":"https:\/\/innocentiemangonipiante.it\/fr\/wp-json\/wp\/v2\/media?parent=26567"}],"wp:term":[{"taxonomy":"product_brand","embeddable":true,"href":"https:\/\/innocentiemangonipiante.it\/fr\/wp-json\/wp\/v2\/product_brand?post=26567"},{"taxonomy":"product_cat","embeddable":true,"href":"https:\/\/innocentiemangonipiante.it\/fr\/wp-json\/wp\/v2\/product_cat?post=26567"},{"taxonomy":"product_tag","embeddable":true,"href":"https:\/\/innocentiemangonipiante.it\/fr\/wp-json\/wp\/v2\/product_tag?post=26567"}],"curies":[{"name":"wp","href":"https:\/\/api.w.org\/{rel}","templated":true}]}}