{"id":26568,"date":"2023-11-03T23:30:49","date_gmt":"2023-11-03T22:30:49","guid":{"rendered":"http:\/\/innocentiemangonipiante.it\/armeria-maritima-alba\/"},"modified":"2023-11-06T13:58:48","modified_gmt":"2023-11-06T12:58:48","slug":"armeria-maritima-alba","status":"publish","type":"product","link":"https:\/\/innocentiemangonipiante.it\/fr\/armeria-maritima-alba\/","title":{"rendered":"ARMERIA maritima &lsquo;Alba&rsquo;"},"content":{"rendered":"<p>Vivace rustique \u00e0 feuilles persistantes. Floraison blanche au d\u00e9but de l&rsquo;\u00e9t\u00e9.<\/p>\n","protected":false},"excerpt":{"rendered":"<p>Vivace rustique \u00e0 feuilles persistantes. Floraison blanche au d\u00e9but de l&rsquo;\u00e9t\u00e9.<\/p>\n","protected":false},"featured_media":20504,"template":"","meta":{"_acf_changed":false},"product_brand":[],"product_cat":[8828],"product_tag":[10897],"class_list":{"0":"post-26568","1":"product","2":"type-product","3":"status-publish","4":"has-post-thumbnail","6":"product_cat-herbes-vivaces","7":"product_tag-naturelle","8":"pa_altezza-massima-010-fr","9":"pa_altezza-massima-0_15-metres","10":"pa_colore-fioritura-blanc","11":"pa_condizionamento-clt-fr","12":"pa_famiglia-plumbaginaceae-fr","13":"pa_genere-armeria-fr","14":"pa_origine-europe-fr","15":"pa_periodo-fioritura-juillet","16":"pa_periodo-fioritura-juin","17":"pa_periodo-fioritura-mai","18":"pa_portamento-allargato-fr","19":"pa_resistenza-climatica-tres-elevee","20":"pa_resistenza-del-suolo-resistant-aux-sols-calcaires","21":"pa_utilizzo-bordures","23":"first","24":"instock","25":"purchasable","26":"product-type-simple"},"acf":[],"_links":{"self":[{"href":"https:\/\/innocentiemangonipiante.it\/fr\/wp-json\/wp\/v2\/product\/26568","targetHints":{"allow":["GET"]}}],"collection":[{"href":"https:\/\/innocentiemangonipiante.it\/fr\/wp-json\/wp\/v2\/product"}],"about":[{"href":"https:\/\/innocentiemangonipiante.it\/fr\/wp-json\/wp\/v2\/types\/product"}],"wp:featuredmedia":[{"embeddable":true,"href":"https:\/\/innocentiemangonipiante.it\/fr\/wp-json\/wp\/v2\/media\/20504"}],"wp:attachment":[{"href":"https:\/\/innocentiemangonipiante.it\/fr\/wp-json\/wp\/v2\/media?parent=26568"}],"wp:term":[{"taxonomy":"product_brand","embeddable":true,"href":"https:\/\/innocentiemangonipiante.it\/fr\/wp-json\/wp\/v2\/product_brand?post=26568"},{"taxonomy":"product_cat","embeddable":true,"href":"https:\/\/innocentiemangonipiante.it\/fr\/wp-json\/wp\/v2\/product_cat?post=26568"},{"taxonomy":"product_tag","embeddable":true,"href":"https:\/\/innocentiemangonipiante.it\/fr\/wp-json\/wp\/v2\/product_tag?post=26568"}],"curies":[{"name":"wp","href":"https:\/\/api.w.org\/{rel}","templated":true}]}}