{"id":26570,"date":"2023-11-03T23:31:07","date_gmt":"2023-11-03T22:31:07","guid":{"rendered":"http:\/\/innocentiemangonipiante.it\/aronia-melanocarpa-hugin\/"},"modified":"2023-11-06T13:58:55","modified_gmt":"2023-11-06T12:58:55","slug":"aronia-melanocarpa-hugin","status":"publish","type":"product","link":"https:\/\/innocentiemangonipiante.it\/fr\/aronia-melanocarpa-hugin\/","title":{"rendered":"ARONIA melanocarpa &lsquo;Hugin&rsquo;"},"content":{"rendered":"<p>S\u00e9l\u00e9ction int\u00e9ressante qui supporte plusieurs types de terrain. Floraison blanche en mai, fruits comestibles.<\/p>\n","protected":false},"excerpt":{"rendered":"<p>S\u00e9l\u00e9ction int\u00e9ressante qui supporte plusieurs types de terrain. Floraison blanche en mai, fruits comestibles.<\/p>\n","protected":false},"featured_media":20516,"template":"","meta":{"_acf_changed":false},"product_brand":[],"product_cat":[8812],"product_tag":[10897],"class_list":{"0":"post-26570","1":"product","2":"type-product","3":"status-publish","4":"has-post-thumbnail","6":"product_cat-arbres-et-arbustes-a-feuilles-caduques","7":"product_tag-naturelle","8":"pa_altezza-massima-150-fr","9":"pa_altezza-massima-200-fr","10":"pa_colore-fioritura-blanc","11":"pa_famiglia-rosaceae-fr","12":"pa_genere-aronia-fr","13":"pa_origine-origine-delle-piante-u-s-a","14":"pa_periodo-fioritura-mai","15":"pa_periodo-fruttificazione-aout","16":"pa_portamento-eretto-fr","17":"pa_resistenza-climatica-tres-elevee","18":"pa_salinita-resistance-a-la-salinisation","19":"pa_utilizzo-haies","20":"pa_utilizzo-parcs","21":"pa_utilizzo-petits-jardins","23":"first","24":"instock","25":"purchasable","26":"product-type-simple"},"acf":[],"_links":{"self":[{"href":"https:\/\/innocentiemangonipiante.it\/fr\/wp-json\/wp\/v2\/product\/26570","targetHints":{"allow":["GET"]}}],"collection":[{"href":"https:\/\/innocentiemangonipiante.it\/fr\/wp-json\/wp\/v2\/product"}],"about":[{"href":"https:\/\/innocentiemangonipiante.it\/fr\/wp-json\/wp\/v2\/types\/product"}],"wp:featuredmedia":[{"embeddable":true,"href":"https:\/\/innocentiemangonipiante.it\/fr\/wp-json\/wp\/v2\/media\/20516"}],"wp:attachment":[{"href":"https:\/\/innocentiemangonipiante.it\/fr\/wp-json\/wp\/v2\/media?parent=26570"}],"wp:term":[{"taxonomy":"product_brand","embeddable":true,"href":"https:\/\/innocentiemangonipiante.it\/fr\/wp-json\/wp\/v2\/product_brand?post=26570"},{"taxonomy":"product_cat","embeddable":true,"href":"https:\/\/innocentiemangonipiante.it\/fr\/wp-json\/wp\/v2\/product_cat?post=26570"},{"taxonomy":"product_tag","embeddable":true,"href":"https:\/\/innocentiemangonipiante.it\/fr\/wp-json\/wp\/v2\/product_tag?post=26570"}],"curies":[{"name":"wp","href":"https:\/\/api.w.org\/{rel}","templated":true}]}}