{"id":26572,"date":"2023-11-03T23:31:21","date_gmt":"2023-11-03T22:31:21","guid":{"rendered":"http:\/\/innocentiemangonipiante.it\/artemisia-arborescens-powis-castle\/"},"modified":"2023-11-06T13:59:00","modified_gmt":"2023-11-06T12:59:00","slug":"artemisia-arborescens-powis-castle","status":"publish","type":"product","link":"https:\/\/innocentiemangonipiante.it\/fr\/artemisia-arborescens-powis-castle\/","title":{"rendered":"ARTEMISIA arborescens &lsquo;Powis Castle&rsquo;"},"content":{"rendered":"<p>Suffruticosa dress\u00e9e semi-persistante \u00e0 tiges ligneuses et \u00e0 feuilles gris argent\u00e9 ressemblant \u00e0 des foug\u00e8res. Des fleurs jaunes discr\u00e8tes apparaissent en \u00e9t\u00e9.<\/p>\n","protected":false},"excerpt":{"rendered":"<p>Suffruticosa dress\u00e9e semi-persistante \u00e0 tiges ligneuses et \u00e0 feuilles gris argent\u00e9 ressemblant \u00e0 des foug\u00e8res. Des fleurs jaunes discr\u00e8tes apparaissent en \u00e9t\u00e9.<\/p>\n","protected":false},"featured_media":20528,"template":"","meta":{"_acf_changed":false},"product_brand":[],"product_cat":[8828],"product_tag":[10897],"class_list":{"0":"post-26572","1":"product","2":"type-product","3":"status-publish","4":"has-post-thumbnail","6":"product_cat-herbes-vivaces","7":"product_tag-naturelle","8":"pa_altezza-massima-100-fr","9":"pa_colore-delle-foglie-grises","10":"pa_colore-fioritura-jaune","11":"pa_condizionamento-clt-fr","12":"pa_famiglia-asteraceae-compositae-fr","13":"pa_genere-artemisia-fr","14":"pa_origine-galles-fr","15":"pa_periodo-fioritura-aout","16":"pa_periodo-fioritura-juillet","17":"pa_periodo-fioritura-juin","18":"pa_portamento-eretto-fr","19":"pa_resistenza-climatica-moyenne-elevee","20":"pa_utilizzo-bordures","21":"pa_utilizzo-petits-jardins","23":"first","24":"instock","25":"purchasable","26":"product-type-simple"},"acf":[],"_links":{"self":[{"href":"https:\/\/innocentiemangonipiante.it\/fr\/wp-json\/wp\/v2\/product\/26572","targetHints":{"allow":["GET"]}}],"collection":[{"href":"https:\/\/innocentiemangonipiante.it\/fr\/wp-json\/wp\/v2\/product"}],"about":[{"href":"https:\/\/innocentiemangonipiante.it\/fr\/wp-json\/wp\/v2\/types\/product"}],"wp:featuredmedia":[{"embeddable":true,"href":"https:\/\/innocentiemangonipiante.it\/fr\/wp-json\/wp\/v2\/media\/20528"}],"wp:attachment":[{"href":"https:\/\/innocentiemangonipiante.it\/fr\/wp-json\/wp\/v2\/media?parent=26572"}],"wp:term":[{"taxonomy":"product_brand","embeddable":true,"href":"https:\/\/innocentiemangonipiante.it\/fr\/wp-json\/wp\/v2\/product_brand?post=26572"},{"taxonomy":"product_cat","embeddable":true,"href":"https:\/\/innocentiemangonipiante.it\/fr\/wp-json\/wp\/v2\/product_cat?post=26572"},{"taxonomy":"product_tag","embeddable":true,"href":"https:\/\/innocentiemangonipiante.it\/fr\/wp-json\/wp\/v2\/product_tag?post=26572"}],"curies":[{"name":"wp","href":"https:\/\/api.w.org\/{rel}","templated":true}]}}