{"id":26574,"date":"2023-11-03T23:31:33","date_gmt":"2023-11-03T22:31:33","guid":{"rendered":"http:\/\/innocentiemangonipiante.it\/arundo-donax-ely\/"},"modified":"2023-11-06T13:59:04","modified_gmt":"2023-11-06T12:59:04","slug":"arundo-donax-ely","status":"publish","type":"product","link":"https:\/\/innocentiemangonipiante.it\/fr\/arundo-donax-ely\/","title":{"rendered":"ARUNDO donax &lsquo;Ely&rsquo;"},"content":{"rendered":"<p>Vari\u00e9t\u00e9 naine, feuilles panach\u00e9es blanc cr\u00e8me.<\/p>\n","protected":false},"excerpt":{"rendered":"<p>Vari\u00e9t\u00e9 naine, feuilles panach\u00e9es blanc cr\u00e8me.<\/p>\n","protected":false},"featured_media":0,"template":"","meta":{"_acf_changed":false},"product_brand":[],"product_cat":[8828],"product_tag":[10897],"class_list":{"0":"post-26574","1":"product","2":"type-product","3":"status-publish","5":"product_cat-herbes-vivaces","6":"product_tag-naturelle","7":"pa_altezza-massima-150-fr","8":"pa_colore-delle-foglie-panachees","9":"pa_colore-fioritura-blanc","10":"pa_condizionamento-clt-fr","11":"pa_famiglia-poaceae-fr","12":"pa_genere-arundo-fr","13":"pa_origine-europe-mediterraneenne","14":"pa_periodo-fioritura-juillet","15":"pa_periodo-fioritura-juin","16":"pa_portamento-eretto-fr","17":"pa_resistenza-climatica-moyenne","18":"pa_utilizzo-haies","19":"pa_utilizzo-parcs","20":"pa_utilizzo-petits-jardins","22":"first","23":"instock","24":"purchasable","25":"product-type-simple"},"acf":[],"_links":{"self":[{"href":"https:\/\/innocentiemangonipiante.it\/fr\/wp-json\/wp\/v2\/product\/26574","targetHints":{"allow":["GET"]}}],"collection":[{"href":"https:\/\/innocentiemangonipiante.it\/fr\/wp-json\/wp\/v2\/product"}],"about":[{"href":"https:\/\/innocentiemangonipiante.it\/fr\/wp-json\/wp\/v2\/types\/product"}],"wp:attachment":[{"href":"https:\/\/innocentiemangonipiante.it\/fr\/wp-json\/wp\/v2\/media?parent=26574"}],"wp:term":[{"taxonomy":"product_brand","embeddable":true,"href":"https:\/\/innocentiemangonipiante.it\/fr\/wp-json\/wp\/v2\/product_brand?post=26574"},{"taxonomy":"product_cat","embeddable":true,"href":"https:\/\/innocentiemangonipiante.it\/fr\/wp-json\/wp\/v2\/product_cat?post=26574"},{"taxonomy":"product_tag","embeddable":true,"href":"https:\/\/innocentiemangonipiante.it\/fr\/wp-json\/wp\/v2\/product_tag?post=26574"}],"curies":[{"name":"wp","href":"https:\/\/api.w.org\/{rel}","templated":true}]}}