{"id":26576,"date":"2023-11-03T23:31:51","date_gmt":"2023-11-03T22:31:51","guid":{"rendered":"http:\/\/innocentiemangonipiante.it\/aspidistra-elatior\/"},"modified":"2023-11-06T13:59:11","modified_gmt":"2023-11-06T12:59:11","slug":"aspidistra-elatior","status":"publish","type":"product","link":"https:\/\/innocentiemangonipiante.it\/fr\/aspidistra-elatior\/","title":{"rendered":"ASPIDISTRA elatior"},"content":{"rendered":"<p>Plante vivace rhizomateuse \u00e0 feuilles persistantes. Feuilles dress\u00e9es, \u00e9troites, pointues et ovales, jusqu&rsquo;\u00e0 60 cm de long. Produit occasionnellement des fleurs cr\u00e8me \u00e0 violettes.<\/p>\n","protected":false},"excerpt":{"rendered":"<p>Plante vivace rhizomateuse \u00e0 feuilles persistantes. Feuilles dress\u00e9es, \u00e9troites, pointues et ovales, jusqu&rsquo;\u00e0 60 cm de long. Produit occasionnellement des fleurs cr\u00e8me \u00e0 violettes.<\/p>\n","protected":false},"featured_media":20547,"template":"","meta":{"_acf_changed":false},"product_brand":[],"product_cat":[8317],"product_tag":[10897],"class_list":{"0":"post-26576","1":"product","2":"type-product","3":"status-publish","4":"has-post-thumbnail","6":"product_cat-sans-categorie","7":"product_tag-naturelle","8":"pa_altezza-massima-0_50-metres","9":"pa_altezza-massima-0_60-metres","10":"pa_colore-fioritura-blanc","11":"pa_condizionamento-clt-fr","12":"pa_famiglia-liliaceae-fr","13":"pa_genere-aspidistra-fr","14":"pa_inquinamento-resistance-a-la-pollution","15":"pa_origine-afrique","16":"pa_origine-asie","17":"pa_periodo-fioritura-aout","18":"pa_periodo-fioritura-juillet","19":"pa_portamento-eretto-fr","20":"pa_resistenza-climatica-moyenne","21":"pa_resistenza-del-suolo-resistant-aux-sols-calcaires","22":"pa_utilizzo-balcons","23":"pa_utilizzo-interieur","24":"pa_utilizzo-petits-jardins","26":"first","27":"instock","28":"purchasable","29":"product-type-simple"},"acf":[],"_links":{"self":[{"href":"https:\/\/innocentiemangonipiante.it\/fr\/wp-json\/wp\/v2\/product\/26576","targetHints":{"allow":["GET"]}}],"collection":[{"href":"https:\/\/innocentiemangonipiante.it\/fr\/wp-json\/wp\/v2\/product"}],"about":[{"href":"https:\/\/innocentiemangonipiante.it\/fr\/wp-json\/wp\/v2\/types\/product"}],"wp:featuredmedia":[{"embeddable":true,"href":"https:\/\/innocentiemangonipiante.it\/fr\/wp-json\/wp\/v2\/media\/20547"}],"wp:attachment":[{"href":"https:\/\/innocentiemangonipiante.it\/fr\/wp-json\/wp\/v2\/media?parent=26576"}],"wp:term":[{"taxonomy":"product_brand","embeddable":true,"href":"https:\/\/innocentiemangonipiante.it\/fr\/wp-json\/wp\/v2\/product_brand?post=26576"},{"taxonomy":"product_cat","embeddable":true,"href":"https:\/\/innocentiemangonipiante.it\/fr\/wp-json\/wp\/v2\/product_cat?post=26576"},{"taxonomy":"product_tag","embeddable":true,"href":"https:\/\/innocentiemangonipiante.it\/fr\/wp-json\/wp\/v2\/product_tag?post=26576"}],"curies":[{"name":"wp","href":"https:\/\/api.w.org\/{rel}","templated":true}]}}