{"id":26580,"date":"2023-11-03T23:32:16","date_gmt":"2023-11-03T22:32:16","guid":{"rendered":"http:\/\/innocentiemangonipiante.it\/aster-dumosus-schneekissen\/"},"modified":"2023-11-06T13:59:20","modified_gmt":"2023-11-06T12:59:20","slug":"aster-dumosus-schneekissen","status":"publish","type":"product","link":"https:\/\/innocentiemangonipiante.it\/fr\/aster-dumosus-schneekissen\/","title":{"rendered":"ASTER dumosus &lsquo;Schneekissen&rsquo;"},"content":{"rendered":"<p>Plante herbac\u00e9e vivace \u00e0 feuilles caduques de bonne rusticit\u00e9, commun\u00e9ment appel\u00e9e septembrina. Port buissonnant, floraison blanche.<\/p>\n","protected":false},"excerpt":{"rendered":"<p>Plante herbac\u00e9e vivace \u00e0 feuilles caduques de bonne rusticit\u00e9, commun\u00e9ment appel\u00e9e septembrina. Port buissonnant, floraison blanche.<\/p>\n","protected":false},"featured_media":20566,"template":"","meta":{"_acf_changed":false},"product_brand":[],"product_cat":[8317],"product_tag":[10897],"class_list":{"0":"post-26580","1":"product","2":"type-product","3":"status-publish","4":"has-post-thumbnail","6":"product_cat-sans-categorie","7":"product_tag-naturelle","8":"pa_altezza-massima-0_30-metres","9":"pa_altezza-massima-035-fr","10":"pa_colore-fioritura-blanc","11":"pa_condizionamento-clt-fr","12":"pa_famiglia-asteraceae-compositae-fr","13":"pa_genere-aster-fr","14":"pa_origine-america-fr","15":"pa_periodo-fioritura-octobre","16":"pa_periodo-fioritura-septembre","17":"pa_portamento-eretto-fr","18":"pa_resistenza-climatica-tres-elevee","19":"pa_resistenza-del-suolo-resistant-aux-sols-secs","20":"pa_utilizzo-balcons","21":"pa_utilizzo-bordures","22":"pa_utilizzo-petits-jardins","24":"first","25":"instock","26":"purchasable","27":"product-type-simple"},"acf":[],"_links":{"self":[{"href":"https:\/\/innocentiemangonipiante.it\/fr\/wp-json\/wp\/v2\/product\/26580","targetHints":{"allow":["GET"]}}],"collection":[{"href":"https:\/\/innocentiemangonipiante.it\/fr\/wp-json\/wp\/v2\/product"}],"about":[{"href":"https:\/\/innocentiemangonipiante.it\/fr\/wp-json\/wp\/v2\/types\/product"}],"wp:featuredmedia":[{"embeddable":true,"href":"https:\/\/innocentiemangonipiante.it\/fr\/wp-json\/wp\/v2\/media\/20566"}],"wp:attachment":[{"href":"https:\/\/innocentiemangonipiante.it\/fr\/wp-json\/wp\/v2\/media?parent=26580"}],"wp:term":[{"taxonomy":"product_brand","embeddable":true,"href":"https:\/\/innocentiemangonipiante.it\/fr\/wp-json\/wp\/v2\/product_brand?post=26580"},{"taxonomy":"product_cat","embeddable":true,"href":"https:\/\/innocentiemangonipiante.it\/fr\/wp-json\/wp\/v2\/product_cat?post=26580"},{"taxonomy":"product_tag","embeddable":true,"href":"https:\/\/innocentiemangonipiante.it\/fr\/wp-json\/wp\/v2\/product_tag?post=26580"}],"curies":[{"name":"wp","href":"https:\/\/api.w.org\/{rel}","templated":true}]}}