{"id":26581,"date":"2023-11-03T23:32:22","date_gmt":"2023-11-03T22:32:22","guid":{"rendered":"http:\/\/innocentiemangonipiante.it\/aster-dumosus-woods-pink\/"},"modified":"2023-11-06T13:59:22","modified_gmt":"2023-11-06T12:59:22","slug":"aster-dumosus-woods-pink","status":"publish","type":"product","link":"https:\/\/innocentiemangonipiante.it\/fr\/aster-dumosus-woods-pink\/","title":{"rendered":"ASTER dumosus &lsquo;Wood&rsquo;s Pink&rsquo;"},"content":{"rendered":"<p>Vari\u00e9t\u00e9 naine vivace, floraison en septembre. Port buissonnant, fleurs ressemblant \u00e0 des marguerites.<\/p>\n","protected":false},"excerpt":{"rendered":"<p>Vari\u00e9t\u00e9 naine vivace, floraison en septembre. Port buissonnant, fleurs ressemblant \u00e0 des marguerites.<\/p>\n","protected":false},"featured_media":20572,"template":"","meta":{"_acf_changed":false},"product_brand":[],"product_cat":[8317],"product_tag":[10897],"class_list":{"0":"post-26581","1":"product","2":"type-product","3":"status-publish","4":"has-post-thumbnail","6":"product_cat-sans-categorie","7":"product_tag-naturelle","8":"pa_altezza-massima-0_30-metres","9":"pa_altezza-massima-0_60-metres","10":"pa_condizionamento-clt-fr","11":"pa_famiglia-asteraceae-compositae-fr","12":"pa_genere-aster-fr","13":"pa_origine-europe-fr","14":"pa_periodo-fioritura-octobre","15":"pa_periodo-fioritura-septembre","16":"pa_portamento-eretto-fr","17":"pa_resistenza-climatica-tres-elevee","18":"pa_utilizzo-balcons","19":"pa_utilizzo-bordures","20":"pa_utilizzo-petits-jardins","22":"first","23":"instock","24":"purchasable","25":"product-type-simple"},"acf":[],"_links":{"self":[{"href":"https:\/\/innocentiemangonipiante.it\/fr\/wp-json\/wp\/v2\/product\/26581","targetHints":{"allow":["GET"]}}],"collection":[{"href":"https:\/\/innocentiemangonipiante.it\/fr\/wp-json\/wp\/v2\/product"}],"about":[{"href":"https:\/\/innocentiemangonipiante.it\/fr\/wp-json\/wp\/v2\/types\/product"}],"wp:featuredmedia":[{"embeddable":true,"href":"https:\/\/innocentiemangonipiante.it\/fr\/wp-json\/wp\/v2\/media\/20572"}],"wp:attachment":[{"href":"https:\/\/innocentiemangonipiante.it\/fr\/wp-json\/wp\/v2\/media?parent=26581"}],"wp:term":[{"taxonomy":"product_brand","embeddable":true,"href":"https:\/\/innocentiemangonipiante.it\/fr\/wp-json\/wp\/v2\/product_brand?post=26581"},{"taxonomy":"product_cat","embeddable":true,"href":"https:\/\/innocentiemangonipiante.it\/fr\/wp-json\/wp\/v2\/product_cat?post=26581"},{"taxonomy":"product_tag","embeddable":true,"href":"https:\/\/innocentiemangonipiante.it\/fr\/wp-json\/wp\/v2\/product_tag?post=26581"}],"curies":[{"name":"wp","href":"https:\/\/api.w.org\/{rel}","templated":true}]}}