{"id":26582,"date":"2023-11-03T23:32:28","date_gmt":"2023-11-03T22:32:28","guid":{"rendered":"http:\/\/innocentiemangonipiante.it\/astilbe-arendsii-diamant\/"},"modified":"2023-11-06T13:59:24","modified_gmt":"2023-11-06T12:59:24","slug":"astilbe-arendsii-diamant","status":"publish","type":"product","link":"https:\/\/innocentiemangonipiante.it\/fr\/astilbe-arendsii-diamant\/","title":{"rendered":"ASTILBE arendsii &lsquo;Diamant&rsquo;"},"content":{"rendered":"<p>Vivace, r\u00e9sistante, n\u00e9cessitant peu de soins. Feuilles lanc\u00e9ol\u00e9es, penn\u00e9es, ornementales. Magnifiques inflorescences blanches en \u00e9t\u00e9.<\/p>\n","protected":false},"excerpt":{"rendered":"<p>Vivace, r\u00e9sistante, n\u00e9cessitant peu de soins. Feuilles lanc\u00e9ol\u00e9es, penn\u00e9es, ornementales. Magnifiques inflorescences blanches en \u00e9t\u00e9.<\/p>\n","protected":false},"featured_media":20578,"template":"","meta":{"_acf_changed":false},"product_brand":[],"product_cat":[8828],"product_tag":[10897],"class_list":{"0":"post-26582","1":"product","2":"type-product","3":"status-publish","4":"has-post-thumbnail","6":"product_cat-herbes-vivaces","7":"product_tag-naturelle","8":"pa_altezza-massima-0_60-metres","9":"pa_altezza-massima-0_70-metres","10":"pa_colore-fioritura-blanc","11":"pa_condizionamento-clt-fr","12":"pa_famiglia-saxifragaceae-fr","13":"pa_genere-astilbe-fr","14":"pa_origine-asie-orientale","15":"pa_periodo-fioritura-aout","16":"pa_periodo-fioritura-juillet","17":"pa_portamento-eretto-fr","18":"pa_resistenza-climatica-moyenne-elevee","19":"pa_resistenza-del-suolo-resistant-au-sol-humide","20":"pa_utilizzo-balcons","21":"pa_utilizzo-bordures","22":"pa_utilizzo-petits-jardins","24":"first","25":"instock","26":"purchasable","27":"product-type-simple"},"acf":[],"_links":{"self":[{"href":"https:\/\/innocentiemangonipiante.it\/fr\/wp-json\/wp\/v2\/product\/26582","targetHints":{"allow":["GET"]}}],"collection":[{"href":"https:\/\/innocentiemangonipiante.it\/fr\/wp-json\/wp\/v2\/product"}],"about":[{"href":"https:\/\/innocentiemangonipiante.it\/fr\/wp-json\/wp\/v2\/types\/product"}],"wp:featuredmedia":[{"embeddable":true,"href":"https:\/\/innocentiemangonipiante.it\/fr\/wp-json\/wp\/v2\/media\/20578"}],"wp:attachment":[{"href":"https:\/\/innocentiemangonipiante.it\/fr\/wp-json\/wp\/v2\/media?parent=26582"}],"wp:term":[{"taxonomy":"product_brand","embeddable":true,"href":"https:\/\/innocentiemangonipiante.it\/fr\/wp-json\/wp\/v2\/product_brand?post=26582"},{"taxonomy":"product_cat","embeddable":true,"href":"https:\/\/innocentiemangonipiante.it\/fr\/wp-json\/wp\/v2\/product_cat?post=26582"},{"taxonomy":"product_tag","embeddable":true,"href":"https:\/\/innocentiemangonipiante.it\/fr\/wp-json\/wp\/v2\/product_tag?post=26582"}],"curies":[{"name":"wp","href":"https:\/\/api.w.org\/{rel}","templated":true}]}}