{"id":26583,"date":"2023-11-03T23:32:34","date_gmt":"2023-11-03T22:32:34","guid":{"rendered":"http:\/\/innocentiemangonipiante.it\/astilbe-arendsii-fanal\/"},"modified":"2023-11-06T13:59:27","modified_gmt":"2023-11-06T12:59:27","slug":"astilbe-arendsii-fanal","status":"publish","type":"product","link":"https:\/\/innocentiemangonipiante.it\/fr\/astilbe-arendsii-fanal\/","title":{"rendered":"ASTILBE arendsii &lsquo;Fanal&rsquo;"},"content":{"rendered":"<p>Plante vivace \u00e0 floraison rouge au d\u00e9but de l&rsquo;\u00e9t\u00e9. Positionner \u00e0 mi-ombre.<\/p>\n","protected":false},"excerpt":{"rendered":"<p>Plante vivace \u00e0 floraison rouge au d\u00e9but de l&rsquo;\u00e9t\u00e9. Positionner \u00e0 mi-ombre.<\/p>\n","protected":false},"featured_media":20584,"template":"","meta":{"_acf_changed":false},"product_brand":[],"product_cat":[8828],"product_tag":[10897],"class_list":{"0":"post-26583","1":"product","2":"type-product","3":"status-publish","4":"has-post-thumbnail","6":"product_cat-herbes-vivaces","7":"product_tag-naturelle","8":"pa_altezza-massima-0_40-metres","9":"pa_altezza-massima-0_60-metres","10":"pa_condizionamento-clt-fr","11":"pa_famiglia-saxifragaceae-fr","12":"pa_genere-astilbe-fr","13":"pa_origine-asie-orientale","14":"pa_periodo-fioritura-juillet","15":"pa_periodo-fioritura-juin","16":"pa_portamento-eretto-fr","17":"pa_resistenza-climatica-moyenne-elevee","18":"pa_resistenza-del-suolo-resistant-au-sol-humide","19":"pa_utilizzo-balcons","20":"pa_utilizzo-bordures","21":"pa_utilizzo-petits-jardins","23":"first","24":"instock","25":"purchasable","26":"product-type-simple"},"acf":[],"_links":{"self":[{"href":"https:\/\/innocentiemangonipiante.it\/fr\/wp-json\/wp\/v2\/product\/26583","targetHints":{"allow":["GET"]}}],"collection":[{"href":"https:\/\/innocentiemangonipiante.it\/fr\/wp-json\/wp\/v2\/product"}],"about":[{"href":"https:\/\/innocentiemangonipiante.it\/fr\/wp-json\/wp\/v2\/types\/product"}],"wp:featuredmedia":[{"embeddable":true,"href":"https:\/\/innocentiemangonipiante.it\/fr\/wp-json\/wp\/v2\/media\/20584"}],"wp:attachment":[{"href":"https:\/\/innocentiemangonipiante.it\/fr\/wp-json\/wp\/v2\/media?parent=26583"}],"wp:term":[{"taxonomy":"product_brand","embeddable":true,"href":"https:\/\/innocentiemangonipiante.it\/fr\/wp-json\/wp\/v2\/product_brand?post=26583"},{"taxonomy":"product_cat","embeddable":true,"href":"https:\/\/innocentiemangonipiante.it\/fr\/wp-json\/wp\/v2\/product_cat?post=26583"},{"taxonomy":"product_tag","embeddable":true,"href":"https:\/\/innocentiemangonipiante.it\/fr\/wp-json\/wp\/v2\/product_tag?post=26583"}],"curies":[{"name":"wp","href":"https:\/\/api.w.org\/{rel}","templated":true}]}}