{"id":26586,"date":"2023-11-03T23:33:03","date_gmt":"2023-11-03T22:33:03","guid":{"rendered":"http:\/\/innocentiemangonipiante.it\/aucuba-japonica-crotonifolia-2\/"},"modified":"2023-11-06T13:59:39","modified_gmt":"2023-11-06T12:59:39","slug":"aucuba-japonica-crotonifolia-2","status":"publish","type":"product","link":"https:\/\/innocentiemangonipiante.it\/fr\/aucuba-japonica-crotonifolia-2\/","title":{"rendered":"AUCUBA japonica &lsquo;Crotonifolia&rsquo;"},"content":{"rendered":"<p>Arbuste persistant au port arrondi et aux feuilles de elliptiques \u00e0 ov\u00e9es de couleur verte panach\u00e9e de jaune.<\/p>\n","protected":false},"excerpt":{"rendered":"<p>Arbuste persistant au port arrondi et aux feuilles de elliptiques \u00e0 ov\u00e9es de couleur verte panach\u00e9e de jaune.<\/p>\n","protected":false},"featured_media":20597,"template":"","meta":{"_acf_changed":false},"product_brand":[],"product_cat":[8817],"product_tag":[10897],"class_list":{"0":"post-26586","1":"product","2":"type-product","3":"status-publish","4":"has-post-thumbnail","6":"product_cat-arbres-et-arbustes-persistants","7":"product_tag-naturelle","8":"pa_altezza-massima-200-fr","9":"pa_altezza-massima-400-fr","10":"pa_colore-delle-foglie-panachees","11":"pa_colore-fioritura-rouge","12":"pa_famiglia-cornaceae-fr","13":"pa_genere-aucuba-fr","14":"pa_inquinamento-resistance-a-la-pollution","15":"pa_origine-asie-orientale","16":"pa_periodo-fioritura-avril","17":"pa_periodo-fruttificazione-novembre-fr","18":"pa_periodo-fruttificazione-octobre","19":"pa_portamento-arrondi","20":"pa_resistenza-climatica-tres-elevee","21":"pa_resistenza-del-suolo-resistant-aux-sols-calcaires","22":"pa_salinita-resistance-a-la-salinisation","23":"pa_utilizzo-balcons","24":"pa_utilizzo-interieur","25":"pa_utilizzo-petits-jardins","27":"first","28":"instock","29":"purchasable","30":"product-type-simple"},"acf":[],"_links":{"self":[{"href":"https:\/\/innocentiemangonipiante.it\/fr\/wp-json\/wp\/v2\/product\/26586","targetHints":{"allow":["GET"]}}],"collection":[{"href":"https:\/\/innocentiemangonipiante.it\/fr\/wp-json\/wp\/v2\/product"}],"about":[{"href":"https:\/\/innocentiemangonipiante.it\/fr\/wp-json\/wp\/v2\/types\/product"}],"wp:featuredmedia":[{"embeddable":true,"href":"https:\/\/innocentiemangonipiante.it\/fr\/wp-json\/wp\/v2\/media\/20597"}],"wp:attachment":[{"href":"https:\/\/innocentiemangonipiante.it\/fr\/wp-json\/wp\/v2\/media?parent=26586"}],"wp:term":[{"taxonomy":"product_brand","embeddable":true,"href":"https:\/\/innocentiemangonipiante.it\/fr\/wp-json\/wp\/v2\/product_brand?post=26586"},{"taxonomy":"product_cat","embeddable":true,"href":"https:\/\/innocentiemangonipiante.it\/fr\/wp-json\/wp\/v2\/product_cat?post=26586"},{"taxonomy":"product_tag","embeddable":true,"href":"https:\/\/innocentiemangonipiante.it\/fr\/wp-json\/wp\/v2\/product_tag?post=26586"}],"curies":[{"name":"wp","href":"https:\/\/api.w.org\/{rel}","templated":true}]}}