{"id":26588,"date":"2023-11-03T23:33:18","date_gmt":"2023-11-03T22:33:18","guid":{"rendered":"http:\/\/innocentiemangonipiante.it\/aucuba-japonica-rozzannie\/"},"modified":"2023-11-06T13:59:47","modified_gmt":"2023-11-06T12:59:47","slug":"aucuba-japonica-rozzannie","status":"publish","type":"product","link":"https:\/\/innocentiemangonipiante.it\/fr\/aucuba-japonica-rozzannie\/","title":{"rendered":"AUCUBA japonica &lsquo;Rozzannie&rsquo;"},"content":{"rendered":"<p>Port compact, avec de belles feuilles brillantes, dent\u00e9es sur les bords, vert vif. Petites fleurs rouges au printemps, suivies de baies rouges qui m\u00fbrissent de l&rsquo;\u00e9t\u00e9 \u00e0 l&rsquo;automne. La vari\u00e9t\u00e9 est autofertile.<\/p>\n","protected":false},"excerpt":{"rendered":"<p>Port compact, avec de belles feuilles brillantes, dent\u00e9es sur les bords, vert vif. Petites fleurs rouges au printemps, suivies de baies rouges qui m\u00fbrissent de l&rsquo;\u00e9t\u00e9 \u00e0 l&rsquo;automne. La vari\u00e9t\u00e9 est autofertile.<\/p>\n","protected":false},"featured_media":20604,"template":"","meta":{"_acf_changed":false},"product_brand":[],"product_cat":[8817],"product_tag":[10897],"class_list":{"0":"post-26588","1":"product","2":"type-product","3":"status-publish","4":"has-post-thumbnail","6":"product_cat-arbres-et-arbustes-persistants","7":"product_tag-naturelle","8":"pa_altezza-massima-100-fr","9":"pa_altezza-massima-150-fr","10":"pa_colore-fioritura-rouge","11":"pa_famiglia-cornaceae-fr","12":"pa_genere-aucuba-fr","13":"pa_origine-japon","14":"pa_periodo-fioritura-avril","15":"pa_periodo-fioritura-mai","16":"pa_periodo-fioritura-mars","17":"pa_periodo-fruttificazione-aout","18":"pa_periodo-fruttificazione-juillet","19":"pa_periodo-fruttificazione-juin","20":"pa_periodo-fruttificazione-septembre","21":"pa_portamento-arrondi","22":"pa_resistenza-climatica-moyenne","23":"pa_utilizzo-haies","24":"pa_utilizzo-interieur","25":"pa_utilizzo-petits-jardins","27":"first","28":"instock","29":"purchasable","30":"product-type-simple"},"acf":[],"_links":{"self":[{"href":"https:\/\/innocentiemangonipiante.it\/fr\/wp-json\/wp\/v2\/product\/26588","targetHints":{"allow":["GET"]}}],"collection":[{"href":"https:\/\/innocentiemangonipiante.it\/fr\/wp-json\/wp\/v2\/product"}],"about":[{"href":"https:\/\/innocentiemangonipiante.it\/fr\/wp-json\/wp\/v2\/types\/product"}],"wp:featuredmedia":[{"embeddable":true,"href":"https:\/\/innocentiemangonipiante.it\/fr\/wp-json\/wp\/v2\/media\/20604"}],"wp:attachment":[{"href":"https:\/\/innocentiemangonipiante.it\/fr\/wp-json\/wp\/v2\/media?parent=26588"}],"wp:term":[{"taxonomy":"product_brand","embeddable":true,"href":"https:\/\/innocentiemangonipiante.it\/fr\/wp-json\/wp\/v2\/product_brand?post=26588"},{"taxonomy":"product_cat","embeddable":true,"href":"https:\/\/innocentiemangonipiante.it\/fr\/wp-json\/wp\/v2\/product_cat?post=26588"},{"taxonomy":"product_tag","embeddable":true,"href":"https:\/\/innocentiemangonipiante.it\/fr\/wp-json\/wp\/v2\/product_tag?post=26588"}],"curies":[{"name":"wp","href":"https:\/\/api.w.org\/{rel}","templated":true}]}}