{"id":26599,"date":"2023-11-03T23:35:06","date_gmt":"2023-11-03T22:35:06","guid":{"rendered":"http:\/\/innocentiemangonipiante.it\/azalea-japonica-perla-del-verbano\/"},"modified":"2023-11-06T14:00:29","modified_gmt":"2023-11-06T13:00:29","slug":"azalea-japonica-perla-del-verbano","status":"publish","type":"product","link":"https:\/\/innocentiemangonipiante.it\/fr\/azalea-japonica-perla-del-verbano\/","title":{"rendered":"AZALEA japonica &lsquo;Perla del Verbano&rsquo;"},"content":{"rendered":"<p>Fleurs doubles, de taille moyenne \u00e0 grande, rose intense. La floraison est plus tardive que les autres vari\u00e9t\u00e9s.<\/p>\n","protected":false},"excerpt":{"rendered":"<p>Fleurs doubles, de taille moyenne \u00e0 grande, rose intense. La floraison est plus tardive que les autres vari\u00e9t\u00e9s.<\/p>\n","protected":false},"featured_media":0,"template":"","meta":{"_acf_changed":false},"product_brand":[],"product_cat":[8817],"product_tag":[10897,6263],"class_list":{"0":"post-26599","1":"product","2":"type-product","3":"status-publish","5":"product_cat-arbres-et-arbustes-persistants","6":"product_tag-naturelle","7":"product_tag-pompons-fr","8":"pa_altezza-massima-100-fr","9":"pa_altezza-massima-150-fr","10":"pa_arte-topiaria-disponible-plante-en-forme","11":"pa_colore-fioritura-rose","12":"pa_condizionamento-clt-fr","13":"pa_famiglia-ericaceae-fr","14":"pa_genere-azalea-fr","15":"pa_origine-europe-fr","16":"pa_periodo-fioritura-juin","17":"pa_periodo-fioritura-mai","18":"pa_portamento-arrondi","19":"pa_resistenza-climatica-tres-elevee","20":"pa_utilizzo-balcons","21":"pa_utilizzo-petits-jardins","23":"first","24":"instock","25":"purchasable","26":"product-type-simple"},"acf":[],"_links":{"self":[{"href":"https:\/\/innocentiemangonipiante.it\/fr\/wp-json\/wp\/v2\/product\/26599","targetHints":{"allow":["GET"]}}],"collection":[{"href":"https:\/\/innocentiemangonipiante.it\/fr\/wp-json\/wp\/v2\/product"}],"about":[{"href":"https:\/\/innocentiemangonipiante.it\/fr\/wp-json\/wp\/v2\/types\/product"}],"wp:attachment":[{"href":"https:\/\/innocentiemangonipiante.it\/fr\/wp-json\/wp\/v2\/media?parent=26599"}],"wp:term":[{"taxonomy":"product_brand","embeddable":true,"href":"https:\/\/innocentiemangonipiante.it\/fr\/wp-json\/wp\/v2\/product_brand?post=26599"},{"taxonomy":"product_cat","embeddable":true,"href":"https:\/\/innocentiemangonipiante.it\/fr\/wp-json\/wp\/v2\/product_cat?post=26599"},{"taxonomy":"product_tag","embeddable":true,"href":"https:\/\/innocentiemangonipiante.it\/fr\/wp-json\/wp\/v2\/product_tag?post=26599"}],"curies":[{"name":"wp","href":"https:\/\/api.w.org\/{rel}","templated":true}]}}