{"id":26605,"date":"2023-11-03T23:35:42","date_gmt":"2023-11-03T22:35:42","guid":{"rendered":"http:\/\/innocentiemangonipiante.it\/azalea-japonica-silvester\/"},"modified":"2023-11-06T14:01:12","modified_gmt":"2023-11-06T13:01:12","slug":"azalea-japonica-silvester","status":"publish","type":"product","link":"https:\/\/innocentiemangonipiante.it\/fr\/azalea-japonica-silvester\/","title":{"rendered":"AZALEA japonica &lsquo;Silvester&rsquo;"},"content":{"rendered":"<p>Il a de petites fleurs rose pourpre p\u00e2le. Sa floraison est pr\u00e9coce, de fin avril \u00e0 mi-mai. Croissance lente et semblable \u00e0 un monticule.<\/p>\n","protected":false},"excerpt":{"rendered":"<p>Il a de petites fleurs rose pourpre p\u00e2le. Sa floraison est pr\u00e9coce, de fin avril \u00e0 mi-mai. Croissance lente et semblable \u00e0 un monticule.<\/p>\n","protected":false},"featured_media":20651,"template":"","meta":{"_acf_changed":false},"product_brand":[],"product_cat":[8817],"product_tag":[10897],"class_list":{"0":"post-26605","1":"product","2":"type-product","3":"status-publish","4":"has-post-thumbnail","6":"product_cat-arbres-et-arbustes-persistants","7":"product_tag-naturelle","8":"pa_altezza-massima-100-fr","9":"pa_altezza-massima-120-fr","10":"pa_colore-fioritura-rose","11":"pa_famiglia-ericaceae-fr","12":"pa_genere-azalea-fr","13":"pa_inquinamento-resistance-a-la-pollution","14":"pa_origine-asie-orientale","15":"pa_periodo-fioritura-avril","16":"pa_periodo-fioritura-mai","17":"pa_portamento-arrondi","18":"pa_resistenza-climatica-tres-elevee","19":"pa_utilizzo-balcons","20":"pa_utilizzo-interieur","21":"pa_utilizzo-petits-jardins","23":"first","24":"instock","25":"purchasable","26":"product-type-simple"},"acf":[],"_links":{"self":[{"href":"https:\/\/innocentiemangonipiante.it\/fr\/wp-json\/wp\/v2\/product\/26605","targetHints":{"allow":["GET"]}}],"collection":[{"href":"https:\/\/innocentiemangonipiante.it\/fr\/wp-json\/wp\/v2\/product"}],"about":[{"href":"https:\/\/innocentiemangonipiante.it\/fr\/wp-json\/wp\/v2\/types\/product"}],"wp:featuredmedia":[{"embeddable":true,"href":"https:\/\/innocentiemangonipiante.it\/fr\/wp-json\/wp\/v2\/media\/20651"}],"wp:attachment":[{"href":"https:\/\/innocentiemangonipiante.it\/fr\/wp-json\/wp\/v2\/media?parent=26605"}],"wp:term":[{"taxonomy":"product_brand","embeddable":true,"href":"https:\/\/innocentiemangonipiante.it\/fr\/wp-json\/wp\/v2\/product_brand?post=26605"},{"taxonomy":"product_cat","embeddable":true,"href":"https:\/\/innocentiemangonipiante.it\/fr\/wp-json\/wp\/v2\/product_cat?post=26605"},{"taxonomy":"product_tag","embeddable":true,"href":"https:\/\/innocentiemangonipiante.it\/fr\/wp-json\/wp\/v2\/product_tag?post=26605"}],"curies":[{"name":"wp","href":"https:\/\/api.w.org\/{rel}","templated":true}]}}