{"id":26607,"date":"2023-11-03T23:35:54","date_gmt":"2023-11-03T22:35:54","guid":{"rendered":"http:\/\/innocentiemangonipiante.it\/azalea-japonica-stewarstonian\/"},"modified":"2023-11-06T14:01:17","modified_gmt":"2023-11-06T13:01:17","slug":"azalea-japonica-stewarstonian","status":"publish","type":"product","link":"https:\/\/innocentiemangonipiante.it\/fr\/azalea-japonica-stewarstonian\/","title":{"rendered":"AZALEA japonica &lsquo;Stewarstonian&rsquo;"},"content":{"rendered":"<p>Vari\u00e9t\u00e9 caract\u00e9ris\u00e9e par des bouquets de fleurs rouge cardinal.<\/p>\n","protected":false},"excerpt":{"rendered":"<p>Vari\u00e9t\u00e9 caract\u00e9ris\u00e9e par des bouquets de fleurs rouge cardinal.<\/p>\n","protected":false},"featured_media":33953,"template":"","meta":{"_acf_changed":false},"product_brand":[],"product_cat":[8817],"product_tag":[10897,6263],"class_list":{"0":"post-26607","1":"product","2":"type-product","3":"status-publish","4":"has-post-thumbnail","6":"product_cat-arbres-et-arbustes-persistants","7":"product_tag-naturelle","8":"product_tag-pompons-fr","9":"pa_altezza-massima-0_70-metres","10":"pa_altezza-massima-0_90-metres","11":"pa_arte-topiaria-disponible-plante-en-forme","12":"pa_colore-fioritura-rouge","13":"pa_condizionamento-clt-fr","14":"pa_famiglia-ericaceae-fr","15":"pa_genere-azalea-fr","16":"pa_inquinamento-resistance-a-la-pollution","17":"pa_origine-asie-orientale","18":"pa_periodo-fioritura-avril","19":"pa_periodo-fioritura-mai","20":"pa_portamento-arrondi","21":"pa_resistenza-climatica-tres-elevee","22":"pa_utilizzo-balcons","23":"pa_utilizzo-interieur","24":"pa_utilizzo-petits-jardins","26":"first","27":"instock","28":"purchasable","29":"product-type-simple"},"acf":[],"_links":{"self":[{"href":"https:\/\/innocentiemangonipiante.it\/fr\/wp-json\/wp\/v2\/product\/26607","targetHints":{"allow":["GET"]}}],"collection":[{"href":"https:\/\/innocentiemangonipiante.it\/fr\/wp-json\/wp\/v2\/product"}],"about":[{"href":"https:\/\/innocentiemangonipiante.it\/fr\/wp-json\/wp\/v2\/types\/product"}],"wp:featuredmedia":[{"embeddable":true,"href":"https:\/\/innocentiemangonipiante.it\/fr\/wp-json\/wp\/v2\/media\/33953"}],"wp:attachment":[{"href":"https:\/\/innocentiemangonipiante.it\/fr\/wp-json\/wp\/v2\/media?parent=26607"}],"wp:term":[{"taxonomy":"product_brand","embeddable":true,"href":"https:\/\/innocentiemangonipiante.it\/fr\/wp-json\/wp\/v2\/product_brand?post=26607"},{"taxonomy":"product_cat","embeddable":true,"href":"https:\/\/innocentiemangonipiante.it\/fr\/wp-json\/wp\/v2\/product_cat?post=26607"},{"taxonomy":"product_tag","embeddable":true,"href":"https:\/\/innocentiemangonipiante.it\/fr\/wp-json\/wp\/v2\/product_tag?post=26607"}],"curies":[{"name":"wp","href":"https:\/\/api.w.org\/{rel}","templated":true}]}}