{"id":26609,"date":"2023-11-03T23:36:07","date_gmt":"2023-11-03T22:36:07","guid":{"rendered":"http:\/\/innocentiemangonipiante.it\/azalea-japonica-in-varieta\/"},"modified":"2023-11-06T14:01:21","modified_gmt":"2023-11-06T13:01:21","slug":"azalea-japonica-in-varieta","status":"publish","type":"product","link":"https:\/\/innocentiemangonipiante.it\/fr\/azalea-japonica-in-varieta\/","title":{"rendered":"AZALEA japonica in variet\u00e0"},"content":{"rendered":"<p>Vari\u00e9t\u00e9 r\u00e9sistante, pr\u00e9f\u00e8re la mi-ombre. Floraison printani\u00e8re (blanche, rose, rouge, violet, orange).<\/p>\n","protected":false},"excerpt":{"rendered":"<p>Vari\u00e9t\u00e9 r\u00e9sistante, pr\u00e9f\u00e8re la mi-ombre. Floraison printani\u00e8re (blanche, rose, rouge, violet, orange).<\/p>\n","protected":false},"featured_media":20660,"template":"","meta":{"_acf_changed":false},"product_brand":[],"product_cat":[8817],"product_tag":[10897],"class_list":{"0":"post-26609","1":"product","2":"type-product","3":"status-publish","4":"has-post-thumbnail","6":"product_cat-arbres-et-arbustes-persistants","7":"product_tag-naturelle","8":"pa_altezza-massima-100-fr","9":"pa_altezza-massima-150-fr","10":"pa_famiglia-ericaceae-fr","11":"pa_genere-azalea-fr","12":"pa_inquinamento-resistance-a-la-pollution","13":"pa_origine-japon","14":"pa_periodo-fioritura-avril","15":"pa_periodo-fioritura-juin","16":"pa_periodo-fioritura-mai","17":"pa_periodo-fioritura-mars","18":"pa_portamento-arrondi","19":"pa_resistenza-climatica-tres-elevee","20":"pa_resistenza-del-suolo-resistant-aux-sols-calcaires","21":"pa_utilizzo-balcons","22":"pa_utilizzo-interieur","23":"pa_utilizzo-parcs","24":"pa_utilizzo-petits-jardins","26":"first","27":"instock","28":"purchasable","29":"product-type-simple"},"acf":[],"_links":{"self":[{"href":"https:\/\/innocentiemangonipiante.it\/fr\/wp-json\/wp\/v2\/product\/26609","targetHints":{"allow":["GET"]}}],"collection":[{"href":"https:\/\/innocentiemangonipiante.it\/fr\/wp-json\/wp\/v2\/product"}],"about":[{"href":"https:\/\/innocentiemangonipiante.it\/fr\/wp-json\/wp\/v2\/types\/product"}],"wp:featuredmedia":[{"embeddable":true,"href":"https:\/\/innocentiemangonipiante.it\/fr\/wp-json\/wp\/v2\/media\/20660"}],"wp:attachment":[{"href":"https:\/\/innocentiemangonipiante.it\/fr\/wp-json\/wp\/v2\/media?parent=26609"}],"wp:term":[{"taxonomy":"product_brand","embeddable":true,"href":"https:\/\/innocentiemangonipiante.it\/fr\/wp-json\/wp\/v2\/product_brand?post=26609"},{"taxonomy":"product_cat","embeddable":true,"href":"https:\/\/innocentiemangonipiante.it\/fr\/wp-json\/wp\/v2\/product_cat?post=26609"},{"taxonomy":"product_tag","embeddable":true,"href":"https:\/\/innocentiemangonipiante.it\/fr\/wp-json\/wp\/v2\/product_tag?post=26609"}],"curies":[{"name":"wp","href":"https:\/\/api.w.org\/{rel}","templated":true}]}}