{"id":26624,"date":"2023-11-03T23:42:04","date_gmt":"2023-11-03T22:42:04","guid":{"rendered":"http:\/\/innocentiemangonipiante.it\/berberis-thunbergii-golden-rocket\/"},"modified":"2023-11-06T14:04:32","modified_gmt":"2023-11-06T13:04:32","slug":"berberis-thunbergii-golden-rocket","status":"publish","type":"product","link":"https:\/\/innocentiemangonipiante.it\/fr\/berberis-thunbergii-golden-rocket\/","title":{"rendered":"BERBERIS thunbergii &lsquo;Golden Rocket&rsquo; \u00ae"},"content":{"rendered":"<p>Arbuste caduc avec port \u00e9rig\u00e9. Feuilles rouges panach\u00e9es d\u2019argent<\/p>\n","protected":false},"excerpt":{"rendered":"<p>Arbuste caduc avec port \u00e9rig\u00e9. Feuilles rouges panach\u00e9es d\u2019argent<\/p>\n","protected":false},"featured_media":20720,"template":"","meta":{"_acf_changed":false},"product_brand":[],"product_cat":[8817],"product_tag":[10897],"class_list":{"0":"post-26624","1":"product","2":"type-product","3":"status-publish","4":"has-post-thumbnail","6":"product_cat-arbres-et-arbustes-persistants","7":"product_tag-naturelle","8":"pa_altezza-massima-0_50-metres","9":"pa_altezza-massima-0_75-metres","10":"pa_colore-delle-foglie-jaune","11":"pa_colore-fioritura-jaune","12":"pa_condizionamento-clt-fr","13":"pa_famiglia-berberidaceae-fr","14":"pa_genere-berberis-fr","15":"pa_inquinamento-resistance-a-la-pollution","16":"pa_origine-origine-delle-piante-u-s-a","17":"pa_periodo-fioritura-avril","18":"pa_periodo-fioritura-mai","19":"pa_portamento-de-colonne","20":"pa_resistenza-climatica-tres-elevee","21":"pa_resistenza-del-suolo-resistant-aux-sols-calcaires","22":"pa_resistenza-del-suolo-resistant-aux-sols-secs","23":"pa_utilizzo-balcons","24":"pa_utilizzo-petits-jardins","26":"first","27":"instock","28":"purchasable","29":"product-type-simple"},"acf":[],"_links":{"self":[{"href":"https:\/\/innocentiemangonipiante.it\/fr\/wp-json\/wp\/v2\/product\/26624","targetHints":{"allow":["GET"]}}],"collection":[{"href":"https:\/\/innocentiemangonipiante.it\/fr\/wp-json\/wp\/v2\/product"}],"about":[{"href":"https:\/\/innocentiemangonipiante.it\/fr\/wp-json\/wp\/v2\/types\/product"}],"wp:featuredmedia":[{"embeddable":true,"href":"https:\/\/innocentiemangonipiante.it\/fr\/wp-json\/wp\/v2\/media\/20720"}],"wp:attachment":[{"href":"https:\/\/innocentiemangonipiante.it\/fr\/wp-json\/wp\/v2\/media?parent=26624"}],"wp:term":[{"taxonomy":"product_brand","embeddable":true,"href":"https:\/\/innocentiemangonipiante.it\/fr\/wp-json\/wp\/v2\/product_brand?post=26624"},{"taxonomy":"product_cat","embeddable":true,"href":"https:\/\/innocentiemangonipiante.it\/fr\/wp-json\/wp\/v2\/product_cat?post=26624"},{"taxonomy":"product_tag","embeddable":true,"href":"https:\/\/innocentiemangonipiante.it\/fr\/wp-json\/wp\/v2\/product_tag?post=26624"}],"curies":[{"name":"wp","href":"https:\/\/api.w.org\/{rel}","templated":true}]}}