{"id":26632,"date":"2023-11-03T23:43:32","date_gmt":"2023-11-03T22:43:32","guid":{"rendered":"http:\/\/innocentiemangonipiante.it\/betula-nana-golden-treasure\/"},"modified":"2023-11-06T14:05:08","modified_gmt":"2023-11-06T13:05:08","slug":"betula-nana-golden-treasure","status":"publish","type":"product","link":"https:\/\/innocentiemangonipiante.it\/fr\/betula-nana-golden-treasure\/","title":{"rendered":"BETULA nana &lsquo;Golden Treasure&rsquo; \u00ae"},"content":{"rendered":"<p>Arbuste caduc nain, de forme globuleuse, \u00e0 petites feuilles aux bords dent\u00e9s, couleur jaune-vert vif au printemps, dor\u00e9 en \u00e9t\u00e9.<\/p>\n","protected":false},"excerpt":{"rendered":"<p>Arbuste caduc nain, de forme globuleuse, \u00e0 petites feuilles aux bords dent\u00e9s, couleur jaune-vert vif au printemps, dor\u00e9 en \u00e9t\u00e9.<\/p>\n","protected":false},"featured_media":1053,"template":"","meta":{"_acf_changed":false},"product_brand":[],"product_cat":[8812],"product_tag":[10897],"class_list":{"0":"post-26632","1":"product","2":"type-product","3":"status-publish","4":"has-post-thumbnail","6":"product_cat-arbres-et-arbustes-a-feuilles-caduques","7":"product_tag-naturelle","8":"pa_altezza-massima-0_50-metres","9":"pa_altezza-massima-100-fr","10":"pa_colore-delle-foglie-jaune","11":"pa_condizionamento-clt-fr","12":"pa_famiglia-betulaceae-fr","13":"pa_genere-betula-fr","14":"pa_origine-europe-fr","15":"pa_portamento-arrondi","16":"pa_resistenza-climatica-tres-elevee","17":"pa_resistenza-del-suolo-resistant-au-sol-humide","18":"pa_utilizzo-balcons","19":"pa_utilizzo-bordures","20":"pa_utilizzo-petits-jardins","22":"first","23":"instock","24":"purchasable","25":"product-type-simple"},"acf":[],"_links":{"self":[{"href":"https:\/\/innocentiemangonipiante.it\/fr\/wp-json\/wp\/v2\/product\/26632","targetHints":{"allow":["GET"]}}],"collection":[{"href":"https:\/\/innocentiemangonipiante.it\/fr\/wp-json\/wp\/v2\/product"}],"about":[{"href":"https:\/\/innocentiemangonipiante.it\/fr\/wp-json\/wp\/v2\/types\/product"}],"wp:featuredmedia":[{"embeddable":true,"href":"https:\/\/innocentiemangonipiante.it\/fr\/wp-json\/wp\/v2\/media\/1053"}],"wp:attachment":[{"href":"https:\/\/innocentiemangonipiante.it\/fr\/wp-json\/wp\/v2\/media?parent=26632"}],"wp:term":[{"taxonomy":"product_brand","embeddable":true,"href":"https:\/\/innocentiemangonipiante.it\/fr\/wp-json\/wp\/v2\/product_brand?post=26632"},{"taxonomy":"product_cat","embeddable":true,"href":"https:\/\/innocentiemangonipiante.it\/fr\/wp-json\/wp\/v2\/product_cat?post=26632"},{"taxonomy":"product_tag","embeddable":true,"href":"https:\/\/innocentiemangonipiante.it\/fr\/wp-json\/wp\/v2\/product_tag?post=26632"}],"curies":[{"name":"wp","href":"https:\/\/api.w.org\/{rel}","templated":true}]}}