{"id":26647,"date":"2023-11-03T23:47:29","date_gmt":"2023-11-03T22:47:29","guid":{"rendered":"http:\/\/innocentiemangonipiante.it\/buxus-macrophylla-rotundifolia\/"},"modified":"2023-11-06T14:07:12","modified_gmt":"2023-11-06T13:07:12","slug":"buxus-macrophylla-rotundifolia","status":"publish","type":"product","link":"https:\/\/innocentiemangonipiante.it\/fr\/buxus-macrophylla-rotundifolia\/","title":{"rendered":"BUXUS macrophylla &lsquo;Rotundifolia&rsquo;"},"content":{"rendered":"<p>Arbuste persistant au d\u00e9veloppement de croissance moyen. Les feuilles sont de couleur vert clair, arrondies, de 1 \u00e0 2 cm de diam\u00e8tre dispos\u00e9es de mani\u00e8re oppos\u00e9e sur le tronc.<\/p>\n","protected":false},"excerpt":{"rendered":"<p>Arbuste persistant au d\u00e9veloppement de croissance moyen. Les feuilles sont de couleur vert clair, arrondies, de 1 \u00e0 2 cm de diam\u00e8tre dispos\u00e9es de mani\u00e8re oppos\u00e9e sur le tronc.<\/p>\n","protected":false},"featured_media":20843,"template":"","meta":{"_acf_changed":false},"product_brand":[],"product_cat":[8817],"product_tag":[10897],"class_list":{"0":"post-26647","1":"product","2":"type-product","3":"status-publish","4":"has-post-thumbnail","6":"product_cat-arbres-et-arbustes-persistants","7":"product_tag-naturelle","8":"pa_altezza-massima-300-fr-2","9":"pa_altezza-massima-400-fr","10":"pa_famiglia-buxaceae-fr","11":"pa_genere-buxus-fr","12":"pa_inquinamento-resistance-a-la-pollution","13":"pa_origine-alps-fr","14":"pa_portamento-arrondi","15":"pa_resistenza-climatica-moyenne-elevee","16":"pa_resistenza-del-suolo-resistant-aux-sols-calcaires","17":"pa_resistenza-del-suolo-resistant-aux-sols-secs","18":"pa_utilizzo-haies","19":"pa_utilizzo-parcs","20":"pa_utilizzo-petits-jardins","22":"first","23":"instock","24":"purchasable","25":"product-type-simple"},"acf":[],"_links":{"self":[{"href":"https:\/\/innocentiemangonipiante.it\/fr\/wp-json\/wp\/v2\/product\/26647","targetHints":{"allow":["GET"]}}],"collection":[{"href":"https:\/\/innocentiemangonipiante.it\/fr\/wp-json\/wp\/v2\/product"}],"about":[{"href":"https:\/\/innocentiemangonipiante.it\/fr\/wp-json\/wp\/v2\/types\/product"}],"wp:featuredmedia":[{"embeddable":true,"href":"https:\/\/innocentiemangonipiante.it\/fr\/wp-json\/wp\/v2\/media\/20843"}],"wp:attachment":[{"href":"https:\/\/innocentiemangonipiante.it\/fr\/wp-json\/wp\/v2\/media?parent=26647"}],"wp:term":[{"taxonomy":"product_brand","embeddable":true,"href":"https:\/\/innocentiemangonipiante.it\/fr\/wp-json\/wp\/v2\/product_brand?post=26647"},{"taxonomy":"product_cat","embeddable":true,"href":"https:\/\/innocentiemangonipiante.it\/fr\/wp-json\/wp\/v2\/product_cat?post=26647"},{"taxonomy":"product_tag","embeddable":true,"href":"https:\/\/innocentiemangonipiante.it\/fr\/wp-json\/wp\/v2\/product_tag?post=26647"}],"curies":[{"name":"wp","href":"https:\/\/api.w.org\/{rel}","templated":true}]}}