{"id":26648,"date":"2023-11-03T23:48:00","date_gmt":"2023-11-03T22:48:00","guid":{"rendered":"http:\/\/innocentiemangonipiante.it\/buxus-sempervirens-elegantissima\/"},"modified":"2023-11-06T14:07:32","modified_gmt":"2023-11-06T13:07:32","slug":"buxus-sempervirens-elegantissima","status":"publish","type":"product","link":"https:\/\/innocentiemangonipiante.it\/fr\/buxus-sempervirens-elegantissima\/","title":{"rendered":"BUXUS sempervirens &lsquo;Elegantissima&rsquo;"},"content":{"rendered":"<p>Il a des feuilles de couleur vert fonc\u00e9 avec un bord de couleur cr\u00e8me. M\u00eames caract\u00e9ristiques que le Buxus Sempervirens.<\/p>\n","protected":false},"excerpt":{"rendered":"<p>Il a des feuilles de couleur vert fonc\u00e9 avec un bord de couleur cr\u00e8me. M\u00eames caract\u00e9ristiques que le Buxus Sempervirens.<\/p>\n","protected":false},"featured_media":20849,"template":"","meta":{"_acf_changed":false},"product_brand":[],"product_cat":[8817],"product_tag":[10897],"class_list":{"0":"post-26648","1":"product","2":"type-product","3":"status-publish","4":"has-post-thumbnail","6":"product_cat-arbres-et-arbustes-persistants","7":"product_tag-naturelle","8":"pa_altezza-massima-150-fr","9":"pa_altezza-massima-200-fr","10":"pa_colore-delle-foglie-panachees","11":"pa_famiglia-buxaceae-fr","12":"pa_genere-buxus-fr","13":"pa_inquinamento-resistance-a-la-pollution","14":"pa_origine-europe-fr","15":"pa_portamento-arrondi","16":"pa_resistenza-climatica-tres-elevee","17":"pa_resistenza-del-suolo-resistant-aux-sols-calcaires","18":"pa_resistenza-del-suolo-resistant-aux-sols-secs","19":"pa_utilizzo-haies","20":"pa_utilizzo-petits-jardins","22":"first","23":"instock","24":"purchasable","25":"product-type-simple"},"acf":[],"_links":{"self":[{"href":"https:\/\/innocentiemangonipiante.it\/fr\/wp-json\/wp\/v2\/product\/26648","targetHints":{"allow":["GET"]}}],"collection":[{"href":"https:\/\/innocentiemangonipiante.it\/fr\/wp-json\/wp\/v2\/product"}],"about":[{"href":"https:\/\/innocentiemangonipiante.it\/fr\/wp-json\/wp\/v2\/types\/product"}],"wp:featuredmedia":[{"embeddable":true,"href":"https:\/\/innocentiemangonipiante.it\/fr\/wp-json\/wp\/v2\/media\/20849"}],"wp:attachment":[{"href":"https:\/\/innocentiemangonipiante.it\/fr\/wp-json\/wp\/v2\/media?parent=26648"}],"wp:term":[{"taxonomy":"product_brand","embeddable":true,"href":"https:\/\/innocentiemangonipiante.it\/fr\/wp-json\/wp\/v2\/product_brand?post=26648"},{"taxonomy":"product_cat","embeddable":true,"href":"https:\/\/innocentiemangonipiante.it\/fr\/wp-json\/wp\/v2\/product_cat?post=26648"},{"taxonomy":"product_tag","embeddable":true,"href":"https:\/\/innocentiemangonipiante.it\/fr\/wp-json\/wp\/v2\/product_tag?post=26648"}],"curies":[{"name":"wp","href":"https:\/\/api.w.org\/{rel}","templated":true}]}}