{"id":26734,"date":"2023-11-04T00:00:26","date_gmt":"2023-11-03T23:00:26","guid":{"rendered":"http:\/\/innocentiemangonipiante.it\/carex-oshimensis-everest\/"},"modified":"2023-11-06T14:13:35","modified_gmt":"2023-11-06T13:13:35","slug":"carex-oshimensis-everest","status":"publish","type":"product","link":"https:\/\/innocentiemangonipiante.it\/fr\/carex-oshimensis-everest\/","title":{"rendered":"CAREX oshimensis &lsquo;Everest&rsquo;"},"content":{"rendered":"<p>Le feuilles sont longues et vertes avec bords de couleur jaune cr\u00e9me. Les tr\u00e8s belles fleurs de couleur bronze et son port dense rendent cette vari\u00e9t\u00e9 un tr\u00e8s beau couvre sol.<\/p>\n","protected":false},"excerpt":{"rendered":"<p>Le feuilles sont longues et vertes avec bords de couleur jaune cr\u00e9me. Les tr\u00e8s belles fleurs de couleur bronze et son port dense rendent cette vari\u00e9t\u00e9 un tr\u00e8s beau couvre sol.<\/p>\n","protected":false},"featured_media":21115,"template":"","meta":{"_acf_changed":false},"product_brand":[],"product_cat":[8317],"product_tag":[10897],"class_list":{"0":"post-26734","1":"product","2":"type-product","3":"status-publish","4":"has-post-thumbnail","6":"product_cat-sans-categorie","7":"product_tag-naturelle","8":"pa_altezza-massima-0_30-metres","9":"pa_altezza-massima-0_50-metres","10":"pa_colore-delle-foglie-panachees","11":"pa_condizionamento-clt-fr","12":"pa_famiglia-cyperaceae-fr","13":"pa_genere-carex-fr","14":"pa_origine-asie-orientale","15":"pa_portamento-arcuato-fr","16":"pa_resistenza-climatica-moyenne-elevee","17":"pa_resistenza-del-suolo-resistant-au-sol-humide","18":"pa_utilizzo-balcons","19":"pa_utilizzo-bordures","20":"pa_utilizzo-petits-jardins","22":"first","23":"instock","24":"purchasable","25":"product-type-simple"},"acf":[],"_links":{"self":[{"href":"https:\/\/innocentiemangonipiante.it\/fr\/wp-json\/wp\/v2\/product\/26734","targetHints":{"allow":["GET"]}}],"collection":[{"href":"https:\/\/innocentiemangonipiante.it\/fr\/wp-json\/wp\/v2\/product"}],"about":[{"href":"https:\/\/innocentiemangonipiante.it\/fr\/wp-json\/wp\/v2\/types\/product"}],"wp:featuredmedia":[{"embeddable":true,"href":"https:\/\/innocentiemangonipiante.it\/fr\/wp-json\/wp\/v2\/media\/21115"}],"wp:attachment":[{"href":"https:\/\/innocentiemangonipiante.it\/fr\/wp-json\/wp\/v2\/media?parent=26734"}],"wp:term":[{"taxonomy":"product_brand","embeddable":true,"href":"https:\/\/innocentiemangonipiante.it\/fr\/wp-json\/wp\/v2\/product_brand?post=26734"},{"taxonomy":"product_cat","embeddable":true,"href":"https:\/\/innocentiemangonipiante.it\/fr\/wp-json\/wp\/v2\/product_cat?post=26734"},{"taxonomy":"product_tag","embeddable":true,"href":"https:\/\/innocentiemangonipiante.it\/fr\/wp-json\/wp\/v2\/product_tag?post=26734"}],"curies":[{"name":"wp","href":"https:\/\/api.w.org\/{rel}","templated":true}]}}